{"id":76,"date":"2021-02-03T08:34:27","date_gmt":"2021-02-03T07:34:27","guid":{"rendered":"http:\/\/baqtkwg.cluster030.hosting.ovh.net\/?page_id=76"},"modified":"2021-02-03T08:40:57","modified_gmt":"2021-02-03T07:40:57","slug":"sites-de-plongee","status":"publish","type":"page","link":"https:\/\/mcmplongee.fr\/index.php\/sites-de-plongee\/","title":{"rendered":"Sites de Plong\u00e9e"},"content":{"rendered":"\n<p>Marseille est le berceau de l\u2019histoire de la plong\u00e9e sous-marine et a le privil\u00e8ge d\u2019\u00eatre un haut lieu d\u2019exploration sous-marine.<\/p>\n\n\n\n<figure class=\"wp-block-image size-large\"><img fetchpriority=\"high\" decoding=\"async\" width=\"1024\" height=\"274\" src=\"http:\/\/baqtkwg.cluster030.hosting.ovh.net\/wp-content\/uploads\/2021\/02\/les-iles-1024x274.jpg\" alt=\"\" class=\"wp-image-79\" srcset=\"https:\/\/mcmplongee.fr\/wp-content\/uploads\/2021\/02\/les-iles-1024x274.jpg 1024w, https:\/\/mcmplongee.fr\/wp-content\/uploads\/2021\/02\/les-iles-300x80.jpg 300w, https:\/\/mcmplongee.fr\/wp-content\/uploads\/2021\/02\/les-iles-768x206.jpg 768w, https:\/\/mcmplongee.fr\/wp-content\/uploads\/2021\/02\/les-iles-1536x411.jpg 1536w, https:\/\/mcmplongee.fr\/wp-content\/uploads\/2021\/02\/les-iles-1140x305.jpg 1140w, https:\/\/mcmplongee.fr\/wp-content\/uploads\/2021\/02\/les-iles.jpg 1800w\" sizes=\"(max-width: 1024px) 100vw, 1024px\" \/><\/figure>\n\n\n\n<p>\u200bLe large choix de sites permet de plonger en b\u00e9n\u00e9ficiant des meilleures conditions en fonction de la m\u00e9t\u00e9o et de votre niveau.<\/p>\n\n\n\n<h3 class=\"wp-block-heading\">Cartes des sites de plong\u00e9e autour de Marseille<\/h3>\n\n\n\n<p>Archipel de Riou<\/p>\n\n\n\n<figure class=\"wp-block-image is-style-rounded\"><img decoding=\"async\" src=\"https:\/\/static.wixstatic.com\/media\/aecb0b_34d1f5b060944b7fbf5220c8501b371f~mv2.jpg\/v1\/fill\/w_543,h_397,al_c,q_80,usm_0.33_1.00_0.00\/aecb0b_34d1f5b060944b7fbf5220c8501b371f~mv2.webp\" alt=\"Sites de plong\u00e9e de l'archipel de Riou Marseille\"\/><\/figure>\n\n\n\n<h3 class=\"wp-block-heading\"><\/h3>\n\n\n\n<h3 class=\"wp-block-heading\">Archipel du Frioul<\/h3>\n\n\n\n<p><\/p>\n\n\n\n<figure class=\"wp-block-image is-style-rounded\"><img decoding=\"async\" src=\"https:\/\/static.wixstatic.com\/media\/aecb0b_275cb0ece22345e6a384de9c55ddee3b~mv2.jpg\/v1\/fill\/w_596,h_396,al_c,q_80,usm_0.33_1.00_0.00\/aecb0b_275cb0ece22345e6a384de9c55ddee3b~mv2.webp\" alt=\"Sites de plong\u00e9e de l'archipel du Frioul Marseille\"\/><\/figure>\n\n\n\n<h3 class=\"wp-block-heading\">Les Epaves<\/h3>\n\n\n\n<figure class=\"wp-block-image is-style-rounded\"><img decoding=\"async\" src=\"https:\/\/static.wixstatic.com\/media\/aecb0b_40996a4d299e467c9551ce5714248d7e~mv2.jpg\/v1\/fill\/w_596,h_396,al_c,q_80,usm_0.33_1.00_0.00\/aecb0b_40996a4d299e467c9551ce5714248d7e~mv2.webp\" alt=\"Site de plong\u00e9e sur \u00e9paves Marseille\"\/><\/figure>\n","protected":false},"excerpt":{"rendered":"<p>Marseille est le berceau de l\u2019histoire de la plong\u00e9e sous-marine et a le privil\u00e8ge d\u2019\u00eatre un haut lieu d\u2019exploration sous-marine. \u200bLe large choix de sites permet de plonger en b\u00e9n\u00e9ficiant des meilleures conditions en fonction de la m\u00e9t\u00e9o et de votre niveau. Cartes des sites de plong\u00e9e autour de Marseille Archipel de Riou Archipel du Frioul Les Epaves<\/p>\n","protected":false},"author":1,"featured_media":0,"parent":0,"menu_order":0,"comment_status":"closed","ping_status":"closed","template":"","meta":{"ngg_post_thumbnail":0,"footnotes":""},"class_list":["post-76","page","type-page","status-publish","hentry"],"yoast_head":"<!-- This site is optimized with the Yoast SEO plugin v27.3 - https:\/\/yoast.com\/product\/yoast-seo-wordpress\/ -->\n<title>Sites de Plong\u00e9e -<\/title>\n<meta name=\"robots\" content=\"index, follow, max-snippet:-1, max-image-preview:large, max-video-preview:-1\" \/>\n<link rel=\"canonical\" href=\"https:\/\/mcmplongee.fr\/index.php\/sites-de-plongee\/\" \/>\n<meta property=\"og:locale\" content=\"fr_FR\" \/>\n<meta property=\"og:type\" content=\"article\" \/>\n<meta property=\"og:title\" content=\"Sites de Plong\u00e9e -\" \/>\n<meta property=\"og:description\" content=\"Marseille est le berceau de l\u2019histoire de la plong\u00e9e sous-marine et a le privil\u00e8ge d\u2019\u00eatre un haut lieu d\u2019exploration sous-marine. \u200bLe large choix de sites permet de plonger en b\u00e9n\u00e9ficiant des meilleures conditions en fonction de la m\u00e9t\u00e9o et de votre niveau. Cartes des sites de plong\u00e9e autour de Marseille Archipel de Riou Archipel du Frioul Les Epaves\" \/>\n<meta property=\"og:url\" content=\"https:\/\/mcmplongee.fr\/index.php\/sites-de-plongee\/\" \/>\n<meta property=\"article:modified_time\" content=\"2021-02-03T07:40:57+00:00\" \/>\n<meta property=\"og:image\" content=\"http:\/\/baqtkwg.cluster030.hosting.ovh.net\/wp-content\/uploads\/2021\/02\/les-iles-1024x274.jpg\" \/>\n<meta name=\"twitter:card\" content=\"summary_large_image\" \/>\n<script type=\"application\/ld+json\" class=\"yoast-schema-graph\">{\"@context\":\"https:\\\/\\\/schema.org\",\"@graph\":[{\"@type\":\"WebPage\",\"@id\":\"https:\\\/\\\/mcmplongee.fr\\\/index.php\\\/sites-de-plongee\\\/\",\"url\":\"https:\\\/\\\/mcmplongee.fr\\\/index.php\\\/sites-de-plongee\\\/\",\"name\":\"Sites de Plong\u00e9e -\",\"isPartOf\":{\"@id\":\"https:\\\/\\\/mcmplongee.fr\\\/#website\"},\"primaryImageOfPage\":{\"@id\":\"https:\\\/\\\/mcmplongee.fr\\\/index.php\\\/sites-de-plongee\\\/#primaryimage\"},\"image\":{\"@id\":\"https:\\\/\\\/mcmplongee.fr\\\/index.php\\\/sites-de-plongee\\\/#primaryimage\"},\"thumbnailUrl\":\"http:\\\/\\\/baqtkwg.cluster030.hosting.ovh.net\\\/wp-content\\\/uploads\\\/2021\\\/02\\\/les-iles-1024x274.jpg\",\"datePublished\":\"2021-02-03T07:34:27+00:00\",\"dateModified\":\"2021-02-03T07:40:57+00:00\",\"breadcrumb\":{\"@id\":\"https:\\\/\\\/mcmplongee.fr\\\/index.php\\\/sites-de-plongee\\\/#breadcrumb\"},\"inLanguage\":\"fr-FR\",\"potentialAction\":[{\"@type\":\"ReadAction\",\"target\":[\"https:\\\/\\\/mcmplongee.fr\\\/index.php\\\/sites-de-plongee\\\/\"]}]},{\"@type\":\"ImageObject\",\"inLanguage\":\"fr-FR\",\"@id\":\"https:\\\/\\\/mcmplongee.fr\\\/index.php\\\/sites-de-plongee\\\/#primaryimage\",\"url\":\"http:\\\/\\\/baqtkwg.cluster030.hosting.ovh.net\\\/wp-content\\\/uploads\\\/2021\\\/02\\\/les-iles-1024x274.jpg\",\"contentUrl\":\"http:\\\/\\\/baqtkwg.cluster030.hosting.ovh.net\\\/wp-content\\\/uploads\\\/2021\\\/02\\\/les-iles-1024x274.jpg\"},{\"@type\":\"BreadcrumbList\",\"@id\":\"https:\\\/\\\/mcmplongee.fr\\\/index.php\\\/sites-de-plongee\\\/#breadcrumb\",\"itemListElement\":[{\"@type\":\"ListItem\",\"position\":1,\"name\":\"Accueil\",\"item\":\"https:\\\/\\\/mcmplongee.fr\\\/\"},{\"@type\":\"ListItem\",\"position\":2,\"name\":\"Sites de Plong\u00e9e\"}]},{\"@type\":\"WebSite\",\"@id\":\"https:\\\/\\\/mcmplongee.fr\\\/#website\",\"url\":\"https:\\\/\\\/mcmplongee.fr\\\/\",\"name\":\"\",\"description\":\"\",\"publisher\":{\"@id\":\"https:\\\/\\\/mcmplongee.fr\\\/#organization\"},\"potentialAction\":[{\"@type\":\"SearchAction\",\"target\":{\"@type\":\"EntryPoint\",\"urlTemplate\":\"https:\\\/\\\/mcmplongee.fr\\\/?s={search_term_string}\"},\"query-input\":{\"@type\":\"PropertyValueSpecification\",\"valueRequired\":true,\"valueName\":\"search_term_string\"}}],\"inLanguage\":\"fr-FR\"},{\"@type\":\"Organization\",\"@id\":\"https:\\\/\\\/mcmplongee.fr\\\/#organization\",\"name\":\"Marseille Cot\u00e9 mer (MCM)\",\"url\":\"https:\\\/\\\/mcmplongee.fr\\\/\",\"logo\":{\"@type\":\"ImageObject\",\"inLanguage\":\"fr-FR\",\"@id\":\"https:\\\/\\\/mcmplongee.fr\\\/#\\\/schema\\\/logo\\\/image\\\/\",\"url\":\"https:\\\/\\\/mcmplongee.com\\\/wp-content\\\/uploads\\\/2021\\\/02\\\/mcmp.png\",\"contentUrl\":\"https:\\\/\\\/mcmplongee.com\\\/wp-content\\\/uploads\\\/2021\\\/02\\\/mcmp.png\",\"width\":140,\"height\":140,\"caption\":\"Marseille Cot\u00e9 mer (MCM)\"},\"image\":{\"@id\":\"https:\\\/\\\/mcmplongee.fr\\\/#\\\/schema\\\/logo\\\/image\\\/\"}}]}<\/script>\n<!-- \/ Yoast SEO plugin. -->","yoast_head_json":{"title":"Sites de Plong\u00e9e -","robots":{"index":"index","follow":"follow","max-snippet":"max-snippet:-1","max-image-preview":"max-image-preview:large","max-video-preview":"max-video-preview:-1"},"canonical":"https:\/\/mcmplongee.fr\/index.php\/sites-de-plongee\/","og_locale":"fr_FR","og_type":"article","og_title":"Sites de Plong\u00e9e -","og_description":"Marseille est le berceau de l\u2019histoire de la plong\u00e9e sous-marine et a le privil\u00e8ge d\u2019\u00eatre un haut lieu d\u2019exploration sous-marine. \u200bLe large choix de sites permet de plonger en b\u00e9n\u00e9ficiant des meilleures conditions en fonction de la m\u00e9t\u00e9o et de votre niveau. Cartes des sites de plong\u00e9e autour de Marseille Archipel de Riou Archipel du Frioul Les Epaves","og_url":"https:\/\/mcmplongee.fr\/index.php\/sites-de-plongee\/","article_modified_time":"2021-02-03T07:40:57+00:00","og_image":[{"url":"http:\/\/baqtkwg.cluster030.hosting.ovh.net\/wp-content\/uploads\/2021\/02\/les-iles-1024x274.jpg","type":"","width":"","height":""}],"twitter_card":"summary_large_image","schema":{"@context":"https:\/\/schema.org","@graph":[{"@type":"WebPage","@id":"https:\/\/mcmplongee.fr\/index.php\/sites-de-plongee\/","url":"https:\/\/mcmplongee.fr\/index.php\/sites-de-plongee\/","name":"Sites de Plong\u00e9e -","isPartOf":{"@id":"https:\/\/mcmplongee.fr\/#website"},"primaryImageOfPage":{"@id":"https:\/\/mcmplongee.fr\/index.php\/sites-de-plongee\/#primaryimage"},"image":{"@id":"https:\/\/mcmplongee.fr\/index.php\/sites-de-plongee\/#primaryimage"},"thumbnailUrl":"http:\/\/baqtkwg.cluster030.hosting.ovh.net\/wp-content\/uploads\/2021\/02\/les-iles-1024x274.jpg","datePublished":"2021-02-03T07:34:27+00:00","dateModified":"2021-02-03T07:40:57+00:00","breadcrumb":{"@id":"https:\/\/mcmplongee.fr\/index.php\/sites-de-plongee\/#breadcrumb"},"inLanguage":"fr-FR","potentialAction":[{"@type":"ReadAction","target":["https:\/\/mcmplongee.fr\/index.php\/sites-de-plongee\/"]}]},{"@type":"ImageObject","inLanguage":"fr-FR","@id":"https:\/\/mcmplongee.fr\/index.php\/sites-de-plongee\/#primaryimage","url":"http:\/\/baqtkwg.cluster030.hosting.ovh.net\/wp-content\/uploads\/2021\/02\/les-iles-1024x274.jpg","contentUrl":"http:\/\/baqtkwg.cluster030.hosting.ovh.net\/wp-content\/uploads\/2021\/02\/les-iles-1024x274.jpg"},{"@type":"BreadcrumbList","@id":"https:\/\/mcmplongee.fr\/index.php\/sites-de-plongee\/#breadcrumb","itemListElement":[{"@type":"ListItem","position":1,"name":"Accueil","item":"https:\/\/mcmplongee.fr\/"},{"@type":"ListItem","position":2,"name":"Sites de Plong\u00e9e"}]},{"@type":"WebSite","@id":"https:\/\/mcmplongee.fr\/#website","url":"https:\/\/mcmplongee.fr\/","name":"","description":"","publisher":{"@id":"https:\/\/mcmplongee.fr\/#organization"},"potentialAction":[{"@type":"SearchAction","target":{"@type":"EntryPoint","urlTemplate":"https:\/\/mcmplongee.fr\/?s={search_term_string}"},"query-input":{"@type":"PropertyValueSpecification","valueRequired":true,"valueName":"search_term_string"}}],"inLanguage":"fr-FR"},{"@type":"Organization","@id":"https:\/\/mcmplongee.fr\/#organization","name":"Marseille Cot\u00e9 mer (MCM)","url":"https:\/\/mcmplongee.fr\/","logo":{"@type":"ImageObject","inLanguage":"fr-FR","@id":"https:\/\/mcmplongee.fr\/#\/schema\/logo\/image\/","url":"https:\/\/mcmplongee.com\/wp-content\/uploads\/2021\/02\/mcmp.png","contentUrl":"https:\/\/mcmplongee.com\/wp-content\/uploads\/2021\/02\/mcmp.png","width":140,"height":140,"caption":"Marseille Cot\u00e9 mer (MCM)"},"image":{"@id":"https:\/\/mcmplongee.fr\/#\/schema\/logo\/image\/"}}]}},"jetpack_sharing_enabled":true,"_links":{"self":[{"href":"https:\/\/mcmplongee.fr\/index.php\/wp-json\/wp\/v2\/pages\/76","targetHints":{"allow":["GET"]}}],"collection":[{"href":"https:\/\/mcmplongee.fr\/index.php\/wp-json\/wp\/v2\/pages"}],"about":[{"href":"https:\/\/mcmplongee.fr\/index.php\/wp-json\/wp\/v2\/types\/page"}],"author":[{"embeddable":true,"href":"https:\/\/mcmplongee.fr\/index.php\/wp-json\/wp\/v2\/users\/1"}],"replies":[{"embeddable":true,"href":"https:\/\/mcmplongee.fr\/index.php\/wp-json\/wp\/v2\/comments?post=76"}],"version-history":[{"count":0,"href":"https:\/\/mcmplongee.fr\/index.php\/wp-json\/wp\/v2\/pages\/76\/revisions"}],"wp:attachment":[{"href":"https:\/\/mcmplongee.fr\/index.php\/wp-json\/wp\/v2\/media?parent=76"}],"curies":[{"name":"wp","href":"https:\/\/api.w.org\/{rel}","templated":true}]}}