{"id":650,"date":"2021-06-30T18:27:53","date_gmt":"2021-06-30T16:27:53","guid":{"rendered":"https:\/\/mcmplongee.fr\/?page_id=650"},"modified":"2022-08-18T19:44:14","modified_gmt":"2022-08-18T17:44:14","slug":"venir-faire-un-bapteme-de-plongee","status":"publish","type":"page","link":"https:\/\/mcmplongee.fr\/index.php\/venir-faire-un-bapteme-de-plongee\/","title":{"rendered":"Venir faire un bapt\u00eame de plong\u00e9e"},"content":{"rendered":"\n<p>Le bapt\u00eame de plong\u00e9e permet \u00e0 n&rsquo;importe qui de vivre ses premi\u00e8res sensations sous marines.<br>Les statuts de notre club associatif le poussent \u00e0 faire partager au plus grand nombre le monde sous marin, dans ce cadre il vous propose de venir d\u00e9couvrir les sensations de la plong\u00e9e dans le cadre d&rsquo;un bapt\u00eame de plong\u00e9e.<br>Aucune comp\u00e9tence particuli\u00e8re n&rsquo;est requise, vous serez compl\u00e8tement encadr\u00e9 par un de nos moniteurs qui vous prendra en main de votre arriv\u00e9e sur le quai jusqu&rsquo;\u00e0 votre retour de plong\u00e9e.<\/p>\n\n\n\n<p>Le bapt\u00eame est possible pour les enfants \u00e0 partir de 8 ans.<\/p>\n\n\n\n<p>Pendant une demi journ\u00e9e, il vous sera expliqu\u00e9 les connaissances de base pour \u00e9voluer sous l&rsquo;eau, vous serez transport\u00e9 par bateau jusqu&rsquo;au site de plong\u00e9e, et vous passerez une trentaine de minutes \u00e0 \u00e9voluer sous l&rsquo;eau parmi les poissons et biotopes sous marin Marseillais.<\/p>\n\n\n\n<p><\/p>\n\n\n\n<p>Et \u00e0 la grande question que tout le monde se pose avant de s&rsquo;inscrire: Je ram\u00e8ne quoi ?<br>La r\u00e9ponse, un maillot de bain, une serviette, de l&rsquo;eau et de la cr\u00e8me solaire. Le reste on s&rsquo;en charge.<\/p>\n\n\n\n<p>Pour connaitre nos disponibilit\u00e9s, n&rsquo;h\u00e9sitez pas \u00e0 nous contacter par mail.<\/p>\n\n\n\n<p>ATTENTION : D\u00e9part Bateau 9H  et 14H .<\/p>\n\n\n\n<p>Plongeuses et Plongeurs : 45 Mn Avant le d\u00e9part <\/p>\n","protected":false},"excerpt":{"rendered":"<p>Le bapt\u00eame de plong\u00e9e permet \u00e0 n&rsquo;importe qui de vivre ses premi\u00e8res sensations sous marines.Les statuts de notre club associatif le poussent \u00e0 faire partager au plus grand nombre le monde sous marin, dans ce cadre il vous propose de venir d\u00e9couvrir les sensations de la plong\u00e9e dans le cadre d&rsquo;un bapt\u00eame de plong\u00e9e.Aucune comp\u00e9tence particuli\u00e8re n&rsquo;est requise, vous serez compl\u00e8tement encadr\u00e9 par un de nos moniteurs qui vous prendra en main de votre arriv\u00e9e sur le quai jusqu&rsquo;\u00e0 votre retour de plong\u00e9e. Le bapt\u00eame est possible pour les enfants \u00e0 partir de 8 ans. Pendant une demi journ\u00e9e, il vous sera expliqu\u00e9 les connaissances de base pour \u00e9voluer sous l&rsquo;eau, vous serez transport\u00e9 par bateau jusqu&rsquo;au site de plong\u00e9e, et vous passerez une trentaine de minutes \u00e0 \u00e9voluer sous l&rsquo;eau parmi les poissons et biotopes sous marin Marseillais. Et \u00e0 la grande question que tout le monde se pose avant de s&rsquo;inscrire: Je ram\u00e8ne quoi ?La r\u00e9ponse, un maillot de bain, une serviette, de l&rsquo;eau et de la cr\u00e8me solaire. Le reste on s&rsquo;en charge. Pour connaitre nos disponibilit\u00e9s, n&rsquo;h\u00e9sitez pas \u00e0 nous contacter par mail. ATTENTION : D\u00e9part Bateau 9H et 14H . Plongeuses et Plongeurs : 45 Mn Avant le d\u00e9part<\/p>\n","protected":false},"author":7,"featured_media":0,"parent":0,"menu_order":0,"comment_status":"closed","ping_status":"closed","template":"","meta":{"ngg_post_thumbnail":0,"footnotes":""},"class_list":["post-650","page","type-page","status-publish","hentry"],"yoast_head":"<!-- This site is optimized with the Yoast SEO plugin v27.4 - https:\/\/yoast.com\/product\/yoast-seo-wordpress\/ -->\n<title>Venir faire un bapt\u00eame de plong\u00e9e -<\/title>\n<meta name=\"robots\" content=\"index, follow, max-snippet:-1, max-image-preview:large, max-video-preview:-1\" \/>\n<link rel=\"canonical\" href=\"https:\/\/mcmplongee.fr\/index.php\/venir-faire-un-bapteme-de-plongee\/\" \/>\n<meta property=\"og:locale\" content=\"fr_FR\" \/>\n<meta property=\"og:type\" content=\"article\" \/>\n<meta property=\"og:title\" content=\"Venir faire un bapt\u00eame de plong\u00e9e -\" \/>\n<meta property=\"og:description\" content=\"Le bapt\u00eame de plong\u00e9e permet \u00e0 n&rsquo;importe qui de vivre ses premi\u00e8res sensations sous marines.Les statuts de notre club associatif le poussent \u00e0 faire partager au plus grand nombre le monde sous marin, dans ce cadre il vous propose de venir d\u00e9couvrir les sensations de la plong\u00e9e dans le cadre d&rsquo;un bapt\u00eame de plong\u00e9e.Aucune comp\u00e9tence particuli\u00e8re n&rsquo;est requise, vous serez compl\u00e8tement encadr\u00e9 par un de nos moniteurs qui vous prendra en main de votre arriv\u00e9e sur le quai jusqu&rsquo;\u00e0 votre retour de plong\u00e9e. Le bapt\u00eame est possible pour les enfants \u00e0 partir de 8 ans. Pendant une demi journ\u00e9e, il vous sera expliqu\u00e9 les connaissances de base pour \u00e9voluer sous l&rsquo;eau, vous serez transport\u00e9 par bateau jusqu&rsquo;au site de plong\u00e9e, et vous passerez une trentaine de minutes \u00e0 \u00e9voluer sous l&rsquo;eau parmi les poissons et biotopes sous marin Marseillais. Et \u00e0 la grande question que tout le monde se pose avant de s&rsquo;inscrire: Je ram\u00e8ne quoi ?La r\u00e9ponse, un maillot de bain, une serviette, de l&rsquo;eau et de la cr\u00e8me solaire. Le reste on s&rsquo;en charge. Pour connaitre nos disponibilit\u00e9s, n&rsquo;h\u00e9sitez pas \u00e0 nous contacter par mail. ATTENTION : D\u00e9part Bateau 9H et 14H . Plongeuses et Plongeurs : 45 Mn Avant le d\u00e9part\" \/>\n<meta property=\"og:url\" content=\"https:\/\/mcmplongee.fr\/index.php\/venir-faire-un-bapteme-de-plongee\/\" \/>\n<meta property=\"article:modified_time\" content=\"2022-08-18T17:44:14+00:00\" \/>\n<meta name=\"twitter:card\" content=\"summary_large_image\" \/>\n<meta name=\"twitter:label1\" content=\"Dur\u00e9e de lecture estim\u00e9e\" \/>\n\t<meta name=\"twitter:data1\" content=\"2 minutes\" \/>\n<script type=\"application\/ld+json\" class=\"yoast-schema-graph\">{\"@context\":\"https:\\\/\\\/schema.org\",\"@graph\":[{\"@type\":\"WebPage\",\"@id\":\"https:\\\/\\\/mcmplongee.fr\\\/index.php\\\/venir-faire-un-bapteme-de-plongee\\\/\",\"url\":\"https:\\\/\\\/mcmplongee.fr\\\/index.php\\\/venir-faire-un-bapteme-de-plongee\\\/\",\"name\":\"Venir faire un bapt\u00eame de plong\u00e9e -\",\"isPartOf\":{\"@id\":\"https:\\\/\\\/mcmplongee.fr\\\/#website\"},\"datePublished\":\"2021-06-30T16:27:53+00:00\",\"dateModified\":\"2022-08-18T17:44:14+00:00\",\"breadcrumb\":{\"@id\":\"https:\\\/\\\/mcmplongee.fr\\\/index.php\\\/venir-faire-un-bapteme-de-plongee\\\/#breadcrumb\"},\"inLanguage\":\"fr-FR\",\"potentialAction\":[{\"@type\":\"ReadAction\",\"target\":[\"https:\\\/\\\/mcmplongee.fr\\\/index.php\\\/venir-faire-un-bapteme-de-plongee\\\/\"]}]},{\"@type\":\"BreadcrumbList\",\"@id\":\"https:\\\/\\\/mcmplongee.fr\\\/index.php\\\/venir-faire-un-bapteme-de-plongee\\\/#breadcrumb\",\"itemListElement\":[{\"@type\":\"ListItem\",\"position\":1,\"name\":\"Accueil\",\"item\":\"https:\\\/\\\/mcmplongee.fr\\\/\"},{\"@type\":\"ListItem\",\"position\":2,\"name\":\"Venir faire un bapt\u00eame de plong\u00e9e\"}]},{\"@type\":\"WebSite\",\"@id\":\"https:\\\/\\\/mcmplongee.fr\\\/#website\",\"url\":\"https:\\\/\\\/mcmplongee.fr\\\/\",\"name\":\"\",\"description\":\"\",\"publisher\":{\"@id\":\"https:\\\/\\\/mcmplongee.fr\\\/#organization\"},\"potentialAction\":[{\"@type\":\"SearchAction\",\"target\":{\"@type\":\"EntryPoint\",\"urlTemplate\":\"https:\\\/\\\/mcmplongee.fr\\\/?s={search_term_string}\"},\"query-input\":{\"@type\":\"PropertyValueSpecification\",\"valueRequired\":true,\"valueName\":\"search_term_string\"}}],\"inLanguage\":\"fr-FR\"},{\"@type\":\"Organization\",\"@id\":\"https:\\\/\\\/mcmplongee.fr\\\/#organization\",\"name\":\"Marseille Cot\u00e9 mer (MCM)\",\"url\":\"https:\\\/\\\/mcmplongee.fr\\\/\",\"logo\":{\"@type\":\"ImageObject\",\"inLanguage\":\"fr-FR\",\"@id\":\"https:\\\/\\\/mcmplongee.fr\\\/#\\\/schema\\\/logo\\\/image\\\/\",\"url\":\"https:\\\/\\\/mcmplongee.com\\\/wp-content\\\/uploads\\\/2021\\\/02\\\/mcmp.png\",\"contentUrl\":\"https:\\\/\\\/mcmplongee.com\\\/wp-content\\\/uploads\\\/2021\\\/02\\\/mcmp.png\",\"width\":140,\"height\":140,\"caption\":\"Marseille Cot\u00e9 mer (MCM)\"},\"image\":{\"@id\":\"https:\\\/\\\/mcmplongee.fr\\\/#\\\/schema\\\/logo\\\/image\\\/\"}}]}<\/script>\n<!-- \/ Yoast SEO plugin. -->","yoast_head_json":{"title":"Venir faire un bapt\u00eame de plong\u00e9e -","robots":{"index":"index","follow":"follow","max-snippet":"max-snippet:-1","max-image-preview":"max-image-preview:large","max-video-preview":"max-video-preview:-1"},"canonical":"https:\/\/mcmplongee.fr\/index.php\/venir-faire-un-bapteme-de-plongee\/","og_locale":"fr_FR","og_type":"article","og_title":"Venir faire un bapt\u00eame de plong\u00e9e -","og_description":"Le bapt\u00eame de plong\u00e9e permet \u00e0 n&rsquo;importe qui de vivre ses premi\u00e8res sensations sous marines.Les statuts de notre club associatif le poussent \u00e0 faire partager au plus grand nombre le monde sous marin, dans ce cadre il vous propose de venir d\u00e9couvrir les sensations de la plong\u00e9e dans le cadre d&rsquo;un bapt\u00eame de plong\u00e9e.Aucune comp\u00e9tence particuli\u00e8re n&rsquo;est requise, vous serez compl\u00e8tement encadr\u00e9 par un de nos moniteurs qui vous prendra en main de votre arriv\u00e9e sur le quai jusqu&rsquo;\u00e0 votre retour de plong\u00e9e. Le bapt\u00eame est possible pour les enfants \u00e0 partir de 8 ans. Pendant une demi journ\u00e9e, il vous sera expliqu\u00e9 les connaissances de base pour \u00e9voluer sous l&rsquo;eau, vous serez transport\u00e9 par bateau jusqu&rsquo;au site de plong\u00e9e, et vous passerez une trentaine de minutes \u00e0 \u00e9voluer sous l&rsquo;eau parmi les poissons et biotopes sous marin Marseillais. Et \u00e0 la grande question que tout le monde se pose avant de s&rsquo;inscrire: Je ram\u00e8ne quoi ?La r\u00e9ponse, un maillot de bain, une serviette, de l&rsquo;eau et de la cr\u00e8me solaire. Le reste on s&rsquo;en charge. Pour connaitre nos disponibilit\u00e9s, n&rsquo;h\u00e9sitez pas \u00e0 nous contacter par mail. ATTENTION : D\u00e9part Bateau 9H et 14H . Plongeuses et Plongeurs : 45 Mn Avant le d\u00e9part","og_url":"https:\/\/mcmplongee.fr\/index.php\/venir-faire-un-bapteme-de-plongee\/","article_modified_time":"2022-08-18T17:44:14+00:00","twitter_card":"summary_large_image","twitter_misc":{"Dur\u00e9e de lecture estim\u00e9e":"2 minutes"},"schema":{"@context":"https:\/\/schema.org","@graph":[{"@type":"WebPage","@id":"https:\/\/mcmplongee.fr\/index.php\/venir-faire-un-bapteme-de-plongee\/","url":"https:\/\/mcmplongee.fr\/index.php\/venir-faire-un-bapteme-de-plongee\/","name":"Venir faire un bapt\u00eame de plong\u00e9e -","isPartOf":{"@id":"https:\/\/mcmplongee.fr\/#website"},"datePublished":"2021-06-30T16:27:53+00:00","dateModified":"2022-08-18T17:44:14+00:00","breadcrumb":{"@id":"https:\/\/mcmplongee.fr\/index.php\/venir-faire-un-bapteme-de-plongee\/#breadcrumb"},"inLanguage":"fr-FR","potentialAction":[{"@type":"ReadAction","target":["https:\/\/mcmplongee.fr\/index.php\/venir-faire-un-bapteme-de-plongee\/"]}]},{"@type":"BreadcrumbList","@id":"https:\/\/mcmplongee.fr\/index.php\/venir-faire-un-bapteme-de-plongee\/#breadcrumb","itemListElement":[{"@type":"ListItem","position":1,"name":"Accueil","item":"https:\/\/mcmplongee.fr\/"},{"@type":"ListItem","position":2,"name":"Venir faire un bapt\u00eame de plong\u00e9e"}]},{"@type":"WebSite","@id":"https:\/\/mcmplongee.fr\/#website","url":"https:\/\/mcmplongee.fr\/","name":"","description":"","publisher":{"@id":"https:\/\/mcmplongee.fr\/#organization"},"potentialAction":[{"@type":"SearchAction","target":{"@type":"EntryPoint","urlTemplate":"https:\/\/mcmplongee.fr\/?s={search_term_string}"},"query-input":{"@type":"PropertyValueSpecification","valueRequired":true,"valueName":"search_term_string"}}],"inLanguage":"fr-FR"},{"@type":"Organization","@id":"https:\/\/mcmplongee.fr\/#organization","name":"Marseille Cot\u00e9 mer (MCM)","url":"https:\/\/mcmplongee.fr\/","logo":{"@type":"ImageObject","inLanguage":"fr-FR","@id":"https:\/\/mcmplongee.fr\/#\/schema\/logo\/image\/","url":"https:\/\/mcmplongee.com\/wp-content\/uploads\/2021\/02\/mcmp.png","contentUrl":"https:\/\/mcmplongee.com\/wp-content\/uploads\/2021\/02\/mcmp.png","width":140,"height":140,"caption":"Marseille Cot\u00e9 mer (MCM)"},"image":{"@id":"https:\/\/mcmplongee.fr\/#\/schema\/logo\/image\/"}}]}},"jetpack_sharing_enabled":true,"_links":{"self":[{"href":"https:\/\/mcmplongee.fr\/index.php\/wp-json\/wp\/v2\/pages\/650","targetHints":{"allow":["GET"]}}],"collection":[{"href":"https:\/\/mcmplongee.fr\/index.php\/wp-json\/wp\/v2\/pages"}],"about":[{"href":"https:\/\/mcmplongee.fr\/index.php\/wp-json\/wp\/v2\/types\/page"}],"author":[{"embeddable":true,"href":"https:\/\/mcmplongee.fr\/index.php\/wp-json\/wp\/v2\/users\/7"}],"replies":[{"embeddable":true,"href":"https:\/\/mcmplongee.fr\/index.php\/wp-json\/wp\/v2\/comments?post=650"}],"version-history":[{"count":6,"href":"https:\/\/mcmplongee.fr\/index.php\/wp-json\/wp\/v2\/pages\/650\/revisions"}],"predecessor-version":[{"id":878,"href":"https:\/\/mcmplongee.fr\/index.php\/wp-json\/wp\/v2\/pages\/650\/revisions\/878"}],"wp:attachment":[{"href":"https:\/\/mcmplongee.fr\/index.php\/wp-json\/wp\/v2\/media?parent=650"}],"curies":[{"name":"wp","href":"https:\/\/api.w.org\/{rel}","templated":true}]}}