{"id":63,"date":"2021-02-03T08:19:41","date_gmt":"2021-02-03T07:19:41","guid":{"rendered":"http:\/\/baqtkwg.cluster030.hosting.ovh.net\/?page_id=63"},"modified":"2026-02-01T21:42:45","modified_gmt":"2026-02-01T20:42:45","slug":"tarifs","status":"publish","type":"page","link":"https:\/\/mcmplongee.fr\/index.php\/tarifs\/","title":{"rendered":"Tarifs"},"content":{"rendered":"<p>Bapt\u00eame<\/p>\n<p><!-- \/wp:post-content --><!-- wp:paragraph --><\/p>\n<p><strong>Tout compris, mat\u00e9riel, transport et encadrement :<\/strong><\/p>\n<p><!-- \/wp:paragraph --><!-- wp:table --><\/p>\n<figure>\n<table>\n<tbody>\n<tr>\n<th>&nbsp;<\/th>\n<th>Tarif<\/th>\n<\/tr>\n<tr>\n<td><strong>Adulte<\/strong><\/td>\n<td><strong>60 \u20ac<\/strong><\/td>\n<\/tr>\n<tr>\n<td><strong>Enfant<\/strong>&nbsp;(&lt; 12 ans)<\/td>\n<td><strong>50 \u20ac<\/strong><\/td>\n<\/tr>\n<\/tbody>\n<\/table>\n<\/figure>\n<p><!-- \/wp:table --><!-- wp:paragraph --><\/p>\n<p>Plong\u00e9es d&rsquo;exploration<\/p>\n<p><!-- \/wp:paragraph --><!-- wp:paragraph --><\/p>\n<p>Pour les plong\u00e9es d&rsquo;exploration, le tarif est compos\u00e9 du transport et de la location \u00e9ventuelle de mat\u00e9riel.<\/p>\n<p><!-- \/wp:paragraph --><!-- wp:table --><\/p>\n<figure>\n<table>\n<tbody>\n<tr>\n<th>&nbsp;<\/th>\n<th>Transport<\/th>\n<th>Location mat\u00e9riel<\/th>\n<th>Total<\/th>\n<\/tr>\n<tr>\n<td><strong>Membre<\/strong><\/td>\n<td>de 29\u20ac (forfaits) \u00e0 31\u20ac (unit\u00e9)<\/td>\n<td>de 0 \u00e0 12\u20ac<\/td>\n<td>de&nbsp;<strong>29<\/strong>&nbsp;\u00e0&nbsp;<strong>43 \u20ac<\/strong><\/td>\n<\/tr>\n<tr>\n<td><strong>Invit\u00e9<\/strong><\/td>\n<td>39\u20ac<\/td>\n<td>de 0 \u00e0 12\u20ac<\/td>\n<td>de&nbsp;<strong>39<\/strong>&nbsp;\u00e0 <strong>51 \u20ac<\/strong><\/td>\n<\/tr>\n<\/tbody>\n<\/table>\n<\/figure>\n<p><!-- \/wp:table --><!-- wp:paragraph --><\/p>\n<p>Plong\u00e9es de formation<\/p>\n<p><!-- \/wp:paragraph --><!-- wp:paragraph --><\/p>\n<p>Pour suivre une formation,&nbsp;<strong>vous devez \u00eatre membre<\/strong>&nbsp;de l&rsquo;association MCMP.<\/p>\n<p><!-- \/wp:paragraph --><!-- wp:paragraph --><\/p>\n<p>Voici quelques exemples repr\u00e9sentatifs de tarifs :<\/p>\n<p><!-- \/wp:paragraph --><!-- wp:table --><\/p>\n<figure>\n<table style=\"height: 228px;\" width=\"1162\">\n<tbody>\n<tr>\n<th>Formation<\/th>\n<th>Description<\/th>\n<th>Plong\u00e9es*<\/th>\n<th>Tarif<\/th>\n<\/tr>\n<tr>\n<td><strong>PE20<\/strong>&nbsp;<em>(niveau 1)<\/em><\/td>\n<td>\n<p>Formation de&nbsp;<strong>plongeur encadr\u00e9 20m<\/strong> adulte avec location \u00e9quipement complet<\/p>\n<p>(licence et adh\u00e9sion \u00e0 ajouter)&nbsp;<\/p>\n<\/td>\n<td>6<\/td>\n<td><strong>307 \u20ac<\/strong><\/td>\n<\/tr>\n<tr>\n<td><strong>PE40+PA20<\/strong>&nbsp;<em>(niveau 2)<\/em><\/td>\n<td>\n<p>Formation de&nbsp;<strong>plongeur encadr\u00e9 40m<\/strong>&nbsp;et&nbsp;<strong>plongeur autonome 20m<\/strong>&nbsp;avec location \u00e9quipement complet<\/p>\n<p>(licence et adh\u00e9sion \u00e0 ajouter)&nbsp;<\/p>\n<\/td>\n<td>10<\/td>\n<td><strong>506 \u20ac<\/strong><\/td>\n<\/tr>\n<tr>\n<td><strong>PA40+PA60 (niveau 3)<\/strong><\/td>\n<td>\n<p>Formation de&nbsp;<strong>plongeur autonome 60m<\/strong>&nbsp;avec location stab + d\u00e9tendeur + bloc&nbsp;<em>(\u00e0 partir du PA20)<\/em><\/p>\n<p>10 plong\u00e9es pour le PA40 (+ 16 \u20ac pour la carte CMAS du PA40) et 3 plong\u00e9es pour le PA60<\/p>\n<p>(licence et adh\u00e9sion \u00e0 ajouter)&nbsp;<\/p>\n<\/td>\n<td>13<\/td>\n<td><strong>749 \u20ac<\/strong><\/td>\n<\/tr>\n<tr>\n<td><strong>Niveaux d&rsquo;encadrement<\/strong><\/td>\n<td>Formations N4, E1, E2, E3, E4<\/td>\n<td>Nous consulter<\/td>\n<td>&nbsp;<\/td>\n<\/tr>\n<\/tbody>\n<\/table>\n<\/figure>\n<p><!-- \/wp:table --><!-- wp:paragraph --><\/p>\n<p><strong>*Attention,<\/strong>&nbsp;le nombre de plong\u00e9es est seulement indicatif, il est parfois n\u00e9cessaire de parfaire sa formation en effectuant quelques plong\u00e9es suppl\u00e9mentaires.<\/p>\n<p><!-- \/wp:paragraph --><!-- wp:paragraph --><\/p>\n<p><strong>Remarque :<\/strong>&nbsp;les tarifs indiqu\u00e9s ne comprennent pas l&rsquo;adh\u00e9sion au club et la licence.<\/p>\n<p>A venir, vous trouverez les tarifs mis \u00e0 jour au 1er janvier 2026&nbsp;<\/p>\n<ul>\n<li><a href=\"https:\/\/mcmplongee.fr\/wp-content\/uploads\/2026\/02\/Tarifs-2026-formation-affichage.pdf\" target=\"_blank\" rel=\"noopener\">Tarifs formation 2026<\/a><\/li>\n<li><a href=\"https:\/\/mcmplongee.fr\/wp-content\/uploads\/2026\/02\/Tarifs-2026-affichage.pdf\" target=\"_blank\" rel=\"noopener\">Tarifs<\/a><\/li>\n<\/ul>\n<p><!-- \/wp:paragraph --><!-- wp:file {\"id\":266,\"href\":\"https:\/\/mcmplongee.com\/wp-content\/uploads\/2021\/03\/MCM-Plongee-Tarifs-2021.pdf\"} --><\/p>\n<p><!-- \/wp:file --><\/p>\n\n<!-- wp:paragraph -->\n<p><\/p>\n<!-- \/wp:paragraph -->","protected":false},"excerpt":{"rendered":"<p>Bapt\u00eame Tout compris, mat\u00e9riel, transport et encadrement : &nbsp; Tarif Adulte 60 \u20ac Enfant&nbsp;(&lt; 12 ans) 50 \u20ac Plong\u00e9es d&rsquo;exploration Pour les plong\u00e9es d&rsquo;exploration, le tarif est compos\u00e9 du transport et de la location \u00e9ventuelle de mat\u00e9riel. &nbsp; Transport Location mat\u00e9riel Total Membre de 29\u20ac (forfaits) \u00e0 31\u20ac (unit\u00e9) de 0 \u00e0 12\u20ac de&nbsp;29&nbsp;\u00e0&nbsp;43 \u20ac Invit\u00e9 39\u20ac de 0 \u00e0 12\u20ac de&nbsp;39&nbsp;\u00e0 51 \u20ac Plong\u00e9es de formation Pour suivre une formation,&nbsp;vous devez \u00eatre membre&nbsp;de l&rsquo;association MCMP. Voici quelques exemples repr\u00e9sentatifs de tarifs : Formation Description Plong\u00e9es* Tarif PE20&nbsp;(niveau 1) Formation de&nbsp;plongeur encadr\u00e9 20m adulte avec location \u00e9quipement complet (licence et adh\u00e9sion \u00e0 ajouter)&nbsp; 6 307 \u20ac PE40+PA20&nbsp;(niveau 2) Formation de&nbsp;plongeur encadr\u00e9 40m&nbsp;et&nbsp;plongeur autonome 20m&nbsp;avec location \u00e9quipement complet (licence et adh\u00e9sion \u00e0 ajouter)&nbsp; 10 506 \u20ac PA40+PA60 (niveau 3) Formation de&nbsp;plongeur autonome 60m&nbsp;avec location stab + d\u00e9tendeur + bloc&nbsp;(\u00e0 partir du PA20) 10 plong\u00e9es pour le PA40 (+ 16 \u20ac pour la carte CMAS du PA40) et 3 plong\u00e9es pour le PA60 (licence et adh\u00e9sion \u00e0 ajouter)&nbsp; 13 749 \u20ac Niveaux d&rsquo;encadrement Formations N4, E1, E2, E3, E4 Nous consulter &nbsp; *Attention,&nbsp;le nombre de plong\u00e9es est seulement indicatif, il est parfois n\u00e9cessaire de parfaire sa formation en effectuant quelques plong\u00e9es suppl\u00e9mentaires. Remarque :&nbsp;les tarifs indiqu\u00e9s ne comprennent pas l&rsquo;adh\u00e9sion au club et la licence. A venir, vous trouverez les tarifs mis \u00e0 jour au 1er janvier 2026&nbsp; Tarifs formation 2026 Tarifs<\/p>\n","protected":false},"author":1,"featured_media":0,"parent":0,"menu_order":0,"comment_status":"closed","ping_status":"closed","template":"","meta":{"ngg_post_thumbnail":0,"footnotes":""},"class_list":["post-63","page","type-page","status-publish","hentry"],"yoast_head":"<!-- This site is optimized with the Yoast SEO plugin v27.3 - https:\/\/yoast.com\/product\/yoast-seo-wordpress\/ -->\n<title>Tarifs -<\/title>\n<meta name=\"robots\" content=\"index, follow, max-snippet:-1, max-image-preview:large, max-video-preview:-1\" \/>\n<link rel=\"canonical\" href=\"https:\/\/mcmplongee.fr\/index.php\/tarifs\/\" \/>\n<meta property=\"og:locale\" content=\"fr_FR\" \/>\n<meta property=\"og:type\" content=\"article\" \/>\n<meta property=\"og:title\" content=\"Tarifs -\" \/>\n<meta property=\"og:description\" content=\"Bapt\u00eame Tout compris, mat\u00e9riel, transport et encadrement : &nbsp; Tarif Adulte 60 \u20ac Enfant&nbsp;(&lt; 12 ans) 50 \u20ac Plong\u00e9es d&rsquo;exploration Pour les plong\u00e9es d&rsquo;exploration, le tarif est compos\u00e9 du transport et de la location \u00e9ventuelle de mat\u00e9riel. &nbsp; Transport Location mat\u00e9riel Total Membre de 29\u20ac (forfaits) \u00e0 31\u20ac (unit\u00e9) de 0 \u00e0 12\u20ac de&nbsp;29&nbsp;\u00e0&nbsp;43 \u20ac Invit\u00e9 39\u20ac de 0 \u00e0 12\u20ac de&nbsp;39&nbsp;\u00e0 51 \u20ac Plong\u00e9es de formation Pour suivre une formation,&nbsp;vous devez \u00eatre membre&nbsp;de l&rsquo;association MCMP. Voici quelques exemples repr\u00e9sentatifs de tarifs : Formation Description Plong\u00e9es* Tarif PE20&nbsp;(niveau 1) Formation de&nbsp;plongeur encadr\u00e9 20m adulte avec location \u00e9quipement complet (licence et adh\u00e9sion \u00e0 ajouter)&nbsp; 6 307 \u20ac PE40+PA20&nbsp;(niveau 2) Formation de&nbsp;plongeur encadr\u00e9 40m&nbsp;et&nbsp;plongeur autonome 20m&nbsp;avec location \u00e9quipement complet (licence et adh\u00e9sion \u00e0 ajouter)&nbsp; 10 506 \u20ac PA40+PA60 (niveau 3) Formation de&nbsp;plongeur autonome 60m&nbsp;avec location stab + d\u00e9tendeur + bloc&nbsp;(\u00e0 partir du PA20) 10 plong\u00e9es pour le PA40 (+ 16 \u20ac pour la carte CMAS du PA40) et 3 plong\u00e9es pour le PA60 (licence et adh\u00e9sion \u00e0 ajouter)&nbsp; 13 749 \u20ac Niveaux d&rsquo;encadrement Formations N4, E1, E2, E3, E4 Nous consulter &nbsp; *Attention,&nbsp;le nombre de plong\u00e9es est seulement indicatif, il est parfois n\u00e9cessaire de parfaire sa formation en effectuant quelques plong\u00e9es suppl\u00e9mentaires. Remarque :&nbsp;les tarifs indiqu\u00e9s ne comprennent pas l&rsquo;adh\u00e9sion au club et la licence. A venir, vous trouverez les tarifs mis \u00e0 jour au 1er janvier 2026&nbsp; Tarifs formation 2026 Tarifs\" \/>\n<meta property=\"og:url\" content=\"https:\/\/mcmplongee.fr\/index.php\/tarifs\/\" \/>\n<meta property=\"article:modified_time\" content=\"2026-02-01T20:42:45+00:00\" \/>\n<meta name=\"twitter:card\" content=\"summary_large_image\" \/>\n<meta name=\"twitter:label1\" content=\"Dur\u00e9e de lecture estim\u00e9e\" \/>\n\t<meta name=\"twitter:data1\" content=\"2 minutes\" \/>\n<script type=\"application\/ld+json\" class=\"yoast-schema-graph\">{\"@context\":\"https:\\\/\\\/schema.org\",\"@graph\":[{\"@type\":\"WebPage\",\"@id\":\"https:\\\/\\\/mcmplongee.fr\\\/index.php\\\/tarifs\\\/\",\"url\":\"https:\\\/\\\/mcmplongee.fr\\\/index.php\\\/tarifs\\\/\",\"name\":\"Tarifs -\",\"isPartOf\":{\"@id\":\"https:\\\/\\\/mcmplongee.fr\\\/#website\"},\"datePublished\":\"2021-02-03T07:19:41+00:00\",\"dateModified\":\"2026-02-01T20:42:45+00:00\",\"breadcrumb\":{\"@id\":\"https:\\\/\\\/mcmplongee.fr\\\/index.php\\\/tarifs\\\/#breadcrumb\"},\"inLanguage\":\"fr-FR\",\"potentialAction\":[{\"@type\":\"ReadAction\",\"target\":[\"https:\\\/\\\/mcmplongee.fr\\\/index.php\\\/tarifs\\\/\"]}]},{\"@type\":\"BreadcrumbList\",\"@id\":\"https:\\\/\\\/mcmplongee.fr\\\/index.php\\\/tarifs\\\/#breadcrumb\",\"itemListElement\":[{\"@type\":\"ListItem\",\"position\":1,\"name\":\"Accueil\",\"item\":\"https:\\\/\\\/mcmplongee.fr\\\/\"},{\"@type\":\"ListItem\",\"position\":2,\"name\":\"Tarifs\"}]},{\"@type\":\"WebSite\",\"@id\":\"https:\\\/\\\/mcmplongee.fr\\\/#website\",\"url\":\"https:\\\/\\\/mcmplongee.fr\\\/\",\"name\":\"\",\"description\":\"\",\"publisher\":{\"@id\":\"https:\\\/\\\/mcmplongee.fr\\\/#organization\"},\"potentialAction\":[{\"@type\":\"SearchAction\",\"target\":{\"@type\":\"EntryPoint\",\"urlTemplate\":\"https:\\\/\\\/mcmplongee.fr\\\/?s={search_term_string}\"},\"query-input\":{\"@type\":\"PropertyValueSpecification\",\"valueRequired\":true,\"valueName\":\"search_term_string\"}}],\"inLanguage\":\"fr-FR\"},{\"@type\":\"Organization\",\"@id\":\"https:\\\/\\\/mcmplongee.fr\\\/#organization\",\"name\":\"Marseille Cot\u00e9 mer (MCM)\",\"url\":\"https:\\\/\\\/mcmplongee.fr\\\/\",\"logo\":{\"@type\":\"ImageObject\",\"inLanguage\":\"fr-FR\",\"@id\":\"https:\\\/\\\/mcmplongee.fr\\\/#\\\/schema\\\/logo\\\/image\\\/\",\"url\":\"https:\\\/\\\/mcmplongee.com\\\/wp-content\\\/uploads\\\/2021\\\/02\\\/mcmp.png\",\"contentUrl\":\"https:\\\/\\\/mcmplongee.com\\\/wp-content\\\/uploads\\\/2021\\\/02\\\/mcmp.png\",\"width\":140,\"height\":140,\"caption\":\"Marseille Cot\u00e9 mer (MCM)\"},\"image\":{\"@id\":\"https:\\\/\\\/mcmplongee.fr\\\/#\\\/schema\\\/logo\\\/image\\\/\"}}]}<\/script>\n<!-- \/ Yoast SEO plugin. -->","yoast_head_json":{"title":"Tarifs -","robots":{"index":"index","follow":"follow","max-snippet":"max-snippet:-1","max-image-preview":"max-image-preview:large","max-video-preview":"max-video-preview:-1"},"canonical":"https:\/\/mcmplongee.fr\/index.php\/tarifs\/","og_locale":"fr_FR","og_type":"article","og_title":"Tarifs -","og_description":"Bapt\u00eame Tout compris, mat\u00e9riel, transport et encadrement : &nbsp; Tarif Adulte 60 \u20ac Enfant&nbsp;(&lt; 12 ans) 50 \u20ac Plong\u00e9es d&rsquo;exploration Pour les plong\u00e9es d&rsquo;exploration, le tarif est compos\u00e9 du transport et de la location \u00e9ventuelle de mat\u00e9riel. &nbsp; Transport Location mat\u00e9riel Total Membre de 29\u20ac (forfaits) \u00e0 31\u20ac (unit\u00e9) de 0 \u00e0 12\u20ac de&nbsp;29&nbsp;\u00e0&nbsp;43 \u20ac Invit\u00e9 39\u20ac de 0 \u00e0 12\u20ac de&nbsp;39&nbsp;\u00e0 51 \u20ac Plong\u00e9es de formation Pour suivre une formation,&nbsp;vous devez \u00eatre membre&nbsp;de l&rsquo;association MCMP. Voici quelques exemples repr\u00e9sentatifs de tarifs : Formation Description Plong\u00e9es* Tarif PE20&nbsp;(niveau 1) Formation de&nbsp;plongeur encadr\u00e9 20m adulte avec location \u00e9quipement complet (licence et adh\u00e9sion \u00e0 ajouter)&nbsp; 6 307 \u20ac PE40+PA20&nbsp;(niveau 2) Formation de&nbsp;plongeur encadr\u00e9 40m&nbsp;et&nbsp;plongeur autonome 20m&nbsp;avec location \u00e9quipement complet (licence et adh\u00e9sion \u00e0 ajouter)&nbsp; 10 506 \u20ac PA40+PA60 (niveau 3) Formation de&nbsp;plongeur autonome 60m&nbsp;avec location stab + d\u00e9tendeur + bloc&nbsp;(\u00e0 partir du PA20) 10 plong\u00e9es pour le PA40 (+ 16 \u20ac pour la carte CMAS du PA40) et 3 plong\u00e9es pour le PA60 (licence et adh\u00e9sion \u00e0 ajouter)&nbsp; 13 749 \u20ac Niveaux d&rsquo;encadrement Formations N4, E1, E2, E3, E4 Nous consulter &nbsp; *Attention,&nbsp;le nombre de plong\u00e9es est seulement indicatif, il est parfois n\u00e9cessaire de parfaire sa formation en effectuant quelques plong\u00e9es suppl\u00e9mentaires. Remarque :&nbsp;les tarifs indiqu\u00e9s ne comprennent pas l&rsquo;adh\u00e9sion au club et la licence. A venir, vous trouverez les tarifs mis \u00e0 jour au 1er janvier 2026&nbsp; Tarifs formation 2026 Tarifs","og_url":"https:\/\/mcmplongee.fr\/index.php\/tarifs\/","article_modified_time":"2026-02-01T20:42:45+00:00","twitter_card":"summary_large_image","twitter_misc":{"Dur\u00e9e de lecture estim\u00e9e":"2 minutes"},"schema":{"@context":"https:\/\/schema.org","@graph":[{"@type":"WebPage","@id":"https:\/\/mcmplongee.fr\/index.php\/tarifs\/","url":"https:\/\/mcmplongee.fr\/index.php\/tarifs\/","name":"Tarifs -","isPartOf":{"@id":"https:\/\/mcmplongee.fr\/#website"},"datePublished":"2021-02-03T07:19:41+00:00","dateModified":"2026-02-01T20:42:45+00:00","breadcrumb":{"@id":"https:\/\/mcmplongee.fr\/index.php\/tarifs\/#breadcrumb"},"inLanguage":"fr-FR","potentialAction":[{"@type":"ReadAction","target":["https:\/\/mcmplongee.fr\/index.php\/tarifs\/"]}]},{"@type":"BreadcrumbList","@id":"https:\/\/mcmplongee.fr\/index.php\/tarifs\/#breadcrumb","itemListElement":[{"@type":"ListItem","position":1,"name":"Accueil","item":"https:\/\/mcmplongee.fr\/"},{"@type":"ListItem","position":2,"name":"Tarifs"}]},{"@type":"WebSite","@id":"https:\/\/mcmplongee.fr\/#website","url":"https:\/\/mcmplongee.fr\/","name":"","description":"","publisher":{"@id":"https:\/\/mcmplongee.fr\/#organization"},"potentialAction":[{"@type":"SearchAction","target":{"@type":"EntryPoint","urlTemplate":"https:\/\/mcmplongee.fr\/?s={search_term_string}"},"query-input":{"@type":"PropertyValueSpecification","valueRequired":true,"valueName":"search_term_string"}}],"inLanguage":"fr-FR"},{"@type":"Organization","@id":"https:\/\/mcmplongee.fr\/#organization","name":"Marseille Cot\u00e9 mer (MCM)","url":"https:\/\/mcmplongee.fr\/","logo":{"@type":"ImageObject","inLanguage":"fr-FR","@id":"https:\/\/mcmplongee.fr\/#\/schema\/logo\/image\/","url":"https:\/\/mcmplongee.com\/wp-content\/uploads\/2021\/02\/mcmp.png","contentUrl":"https:\/\/mcmplongee.com\/wp-content\/uploads\/2021\/02\/mcmp.png","width":140,"height":140,"caption":"Marseille Cot\u00e9 mer (MCM)"},"image":{"@id":"https:\/\/mcmplongee.fr\/#\/schema\/logo\/image\/"}}]}},"jetpack_sharing_enabled":true,"_links":{"self":[{"href":"https:\/\/mcmplongee.fr\/index.php\/wp-json\/wp\/v2\/pages\/63","targetHints":{"allow":["GET"]}}],"collection":[{"href":"https:\/\/mcmplongee.fr\/index.php\/wp-json\/wp\/v2\/pages"}],"about":[{"href":"https:\/\/mcmplongee.fr\/index.php\/wp-json\/wp\/v2\/types\/page"}],"author":[{"embeddable":true,"href":"https:\/\/mcmplongee.fr\/index.php\/wp-json\/wp\/v2\/users\/1"}],"replies":[{"embeddable":true,"href":"https:\/\/mcmplongee.fr\/index.php\/wp-json\/wp\/v2\/comments?post=63"}],"version-history":[{"count":75,"href":"https:\/\/mcmplongee.fr\/index.php\/wp-json\/wp\/v2\/pages\/63\/revisions"}],"predecessor-version":[{"id":1620,"href":"https:\/\/mcmplongee.fr\/index.php\/wp-json\/wp\/v2\/pages\/63\/revisions\/1620"}],"wp:attachment":[{"href":"https:\/\/mcmplongee.fr\/index.php\/wp-json\/wp\/v2\/media?parent=63"}],"curies":[{"name":"wp","href":"https:\/\/api.w.org\/{rel}","templated":true}]}}