{"id":53,"date":"2021-02-03T08:01:44","date_gmt":"2021-02-03T07:01:44","guid":{"rendered":"http:\/\/baqtkwg.cluster030.hosting.ovh.net\/?page_id=53"},"modified":"2025-04-14T19:56:32","modified_gmt":"2025-04-14T17:56:32","slug":"manger-le-midi","status":"publish","type":"page","link":"https:\/\/mcmplongee.fr\/index.php\/manger-le-midi\/","title":{"rendered":"Manger le Midi"},"content":{"rendered":"\n<p>Il est possible de manger sur place au club, il y a de quoi manger sur les tables \u00e0 l&rsquo;ext\u00e9rieur et faire r\u00e9chauffer votre repas<\/p>\n\n\n\n<p>Vous pouvez \u00e9galement aller acheter ce qu&rsquo;il faut dans les commerces aux alentours <\/p>\n\n\n\n<figure class=\"wp-block-image size-large is-style-rounded\"><img fetchpriority=\"high\" decoding=\"async\" width=\"1024\" height=\"766\" src=\"http:\/\/baqtkwg.cluster030.hosting.ovh.net\/wp-content\/uploads\/2021\/02\/IMG_20210130_124534_250-1024x766.jpg\" alt=\"\" class=\"wp-image-54\" srcset=\"https:\/\/mcmplongee.fr\/wp-content\/uploads\/2021\/02\/IMG_20210130_124534_250-1024x766.jpg 1024w, https:\/\/mcmplongee.fr\/wp-content\/uploads\/2021\/02\/IMG_20210130_124534_250-300x224.jpg 300w, https:\/\/mcmplongee.fr\/wp-content\/uploads\/2021\/02\/IMG_20210130_124534_250-768x574.jpg 768w, https:\/\/mcmplongee.fr\/wp-content\/uploads\/2021\/02\/IMG_20210130_124534_250-1536x1149.jpg 1536w, https:\/\/mcmplongee.fr\/wp-content\/uploads\/2021\/02\/IMG_20210130_124534_250-2048x1532.jpg 2048w, https:\/\/mcmplongee.fr\/wp-content\/uploads\/2021\/02\/IMG_20210130_124534_250-1140x853.jpg 1140w\" sizes=\"(max-width: 1024px) 100vw, 1024px\" \/><\/figure>\n","protected":false},"excerpt":{"rendered":"<p>Il est possible de manger sur place au club, il y a de quoi manger sur les tables \u00e0 l&rsquo;ext\u00e9rieur et faire r\u00e9chauffer votre repas Vous pouvez \u00e9galement aller acheter ce qu&rsquo;il faut dans les commerces aux alentours<\/p>\n","protected":false},"author":1,"featured_media":0,"parent":0,"menu_order":0,"comment_status":"closed","ping_status":"closed","template":"","meta":{"ngg_post_thumbnail":0,"footnotes":""},"class_list":["post-53","page","type-page","status-publish","hentry"],"yoast_head":"<!-- This site is optimized with the Yoast SEO plugin v27.4 - https:\/\/yoast.com\/product\/yoast-seo-wordpress\/ -->\n<title>Manger le Midi -<\/title>\n<meta name=\"robots\" content=\"index, follow, max-snippet:-1, max-image-preview:large, max-video-preview:-1\" \/>\n<link rel=\"canonical\" href=\"https:\/\/mcmplongee.fr\/index.php\/manger-le-midi\/\" \/>\n<meta property=\"og:locale\" content=\"fr_FR\" \/>\n<meta property=\"og:type\" content=\"article\" \/>\n<meta property=\"og:title\" content=\"Manger le Midi -\" \/>\n<meta property=\"og:description\" content=\"Il est possible de manger sur place au club, il y a de quoi manger sur les tables \u00e0 l&rsquo;ext\u00e9rieur et faire r\u00e9chauffer votre repas Vous pouvez \u00e9galement aller acheter ce qu&rsquo;il faut dans les commerces aux alentours\" \/>\n<meta property=\"og:url\" content=\"https:\/\/mcmplongee.fr\/index.php\/manger-le-midi\/\" \/>\n<meta property=\"article:modified_time\" content=\"2025-04-14T17:56:32+00:00\" \/>\n<meta property=\"og:image\" content=\"https:\/\/mcmplongee.fr\/wp-content\/uploads\/2021\/02\/IMG_20210130_124534_250-scaled.jpg\" \/>\n\t<meta property=\"og:image:width\" content=\"2560\" \/>\n\t<meta property=\"og:image:height\" content=\"1915\" \/>\n\t<meta property=\"og:image:type\" content=\"image\/jpeg\" \/>\n<meta name=\"twitter:card\" content=\"summary_large_image\" \/>\n<meta name=\"twitter:label1\" content=\"Dur\u00e9e de lecture estim\u00e9e\" \/>\n\t<meta name=\"twitter:data1\" content=\"1 minute\" \/>\n<script type=\"application\/ld+json\" class=\"yoast-schema-graph\">{\"@context\":\"https:\\\/\\\/schema.org\",\"@graph\":[{\"@type\":\"WebPage\",\"@id\":\"https:\\\/\\\/mcmplongee.fr\\\/index.php\\\/manger-le-midi\\\/\",\"url\":\"https:\\\/\\\/mcmplongee.fr\\\/index.php\\\/manger-le-midi\\\/\",\"name\":\"Manger le Midi -\",\"isPartOf\":{\"@id\":\"https:\\\/\\\/mcmplongee.fr\\\/#website\"},\"primaryImageOfPage\":{\"@id\":\"https:\\\/\\\/mcmplongee.fr\\\/index.php\\\/manger-le-midi\\\/#primaryimage\"},\"image\":{\"@id\":\"https:\\\/\\\/mcmplongee.fr\\\/index.php\\\/manger-le-midi\\\/#primaryimage\"},\"thumbnailUrl\":\"http:\\\/\\\/baqtkwg.cluster030.hosting.ovh.net\\\/wp-content\\\/uploads\\\/2021\\\/02\\\/IMG_20210130_124534_250-1024x766.jpg\",\"datePublished\":\"2021-02-03T07:01:44+00:00\",\"dateModified\":\"2025-04-14T17:56:32+00:00\",\"breadcrumb\":{\"@id\":\"https:\\\/\\\/mcmplongee.fr\\\/index.php\\\/manger-le-midi\\\/#breadcrumb\"},\"inLanguage\":\"fr-FR\",\"potentialAction\":[{\"@type\":\"ReadAction\",\"target\":[\"https:\\\/\\\/mcmplongee.fr\\\/index.php\\\/manger-le-midi\\\/\"]}]},{\"@type\":\"ImageObject\",\"inLanguage\":\"fr-FR\",\"@id\":\"https:\\\/\\\/mcmplongee.fr\\\/index.php\\\/manger-le-midi\\\/#primaryimage\",\"url\":\"http:\\\/\\\/baqtkwg.cluster030.hosting.ovh.net\\\/wp-content\\\/uploads\\\/2021\\\/02\\\/IMG_20210130_124534_250-1024x766.jpg\",\"contentUrl\":\"http:\\\/\\\/baqtkwg.cluster030.hosting.ovh.net\\\/wp-content\\\/uploads\\\/2021\\\/02\\\/IMG_20210130_124534_250-1024x766.jpg\"},{\"@type\":\"BreadcrumbList\",\"@id\":\"https:\\\/\\\/mcmplongee.fr\\\/index.php\\\/manger-le-midi\\\/#breadcrumb\",\"itemListElement\":[{\"@type\":\"ListItem\",\"position\":1,\"name\":\"Accueil\",\"item\":\"https:\\\/\\\/mcmplongee.fr\\\/\"},{\"@type\":\"ListItem\",\"position\":2,\"name\":\"Manger le Midi\"}]},{\"@type\":\"WebSite\",\"@id\":\"https:\\\/\\\/mcmplongee.fr\\\/#website\",\"url\":\"https:\\\/\\\/mcmplongee.fr\\\/\",\"name\":\"\",\"description\":\"\",\"publisher\":{\"@id\":\"https:\\\/\\\/mcmplongee.fr\\\/#organization\"},\"potentialAction\":[{\"@type\":\"SearchAction\",\"target\":{\"@type\":\"EntryPoint\",\"urlTemplate\":\"https:\\\/\\\/mcmplongee.fr\\\/?s={search_term_string}\"},\"query-input\":{\"@type\":\"PropertyValueSpecification\",\"valueRequired\":true,\"valueName\":\"search_term_string\"}}],\"inLanguage\":\"fr-FR\"},{\"@type\":\"Organization\",\"@id\":\"https:\\\/\\\/mcmplongee.fr\\\/#organization\",\"name\":\"Marseille Cot\u00e9 mer (MCM)\",\"url\":\"https:\\\/\\\/mcmplongee.fr\\\/\",\"logo\":{\"@type\":\"ImageObject\",\"inLanguage\":\"fr-FR\",\"@id\":\"https:\\\/\\\/mcmplongee.fr\\\/#\\\/schema\\\/logo\\\/image\\\/\",\"url\":\"https:\\\/\\\/mcmplongee.com\\\/wp-content\\\/uploads\\\/2021\\\/02\\\/mcmp.png\",\"contentUrl\":\"https:\\\/\\\/mcmplongee.com\\\/wp-content\\\/uploads\\\/2021\\\/02\\\/mcmp.png\",\"width\":140,\"height\":140,\"caption\":\"Marseille Cot\u00e9 mer (MCM)\"},\"image\":{\"@id\":\"https:\\\/\\\/mcmplongee.fr\\\/#\\\/schema\\\/logo\\\/image\\\/\"}}]}<\/script>\n<!-- \/ Yoast SEO plugin. -->","yoast_head_json":{"title":"Manger le Midi -","robots":{"index":"index","follow":"follow","max-snippet":"max-snippet:-1","max-image-preview":"max-image-preview:large","max-video-preview":"max-video-preview:-1"},"canonical":"https:\/\/mcmplongee.fr\/index.php\/manger-le-midi\/","og_locale":"fr_FR","og_type":"article","og_title":"Manger le Midi -","og_description":"Il est possible de manger sur place au club, il y a de quoi manger sur les tables \u00e0 l&rsquo;ext\u00e9rieur et faire r\u00e9chauffer votre repas Vous pouvez \u00e9galement aller acheter ce qu&rsquo;il faut dans les commerces aux alentours","og_url":"https:\/\/mcmplongee.fr\/index.php\/manger-le-midi\/","article_modified_time":"2025-04-14T17:56:32+00:00","og_image":[{"width":2560,"height":1915,"url":"https:\/\/mcmplongee.fr\/wp-content\/uploads\/2021\/02\/IMG_20210130_124534_250-scaled.jpg","type":"image\/jpeg"}],"twitter_card":"summary_large_image","twitter_misc":{"Dur\u00e9e de lecture estim\u00e9e":"1 minute"},"schema":{"@context":"https:\/\/schema.org","@graph":[{"@type":"WebPage","@id":"https:\/\/mcmplongee.fr\/index.php\/manger-le-midi\/","url":"https:\/\/mcmplongee.fr\/index.php\/manger-le-midi\/","name":"Manger le Midi -","isPartOf":{"@id":"https:\/\/mcmplongee.fr\/#website"},"primaryImageOfPage":{"@id":"https:\/\/mcmplongee.fr\/index.php\/manger-le-midi\/#primaryimage"},"image":{"@id":"https:\/\/mcmplongee.fr\/index.php\/manger-le-midi\/#primaryimage"},"thumbnailUrl":"http:\/\/baqtkwg.cluster030.hosting.ovh.net\/wp-content\/uploads\/2021\/02\/IMG_20210130_124534_250-1024x766.jpg","datePublished":"2021-02-03T07:01:44+00:00","dateModified":"2025-04-14T17:56:32+00:00","breadcrumb":{"@id":"https:\/\/mcmplongee.fr\/index.php\/manger-le-midi\/#breadcrumb"},"inLanguage":"fr-FR","potentialAction":[{"@type":"ReadAction","target":["https:\/\/mcmplongee.fr\/index.php\/manger-le-midi\/"]}]},{"@type":"ImageObject","inLanguage":"fr-FR","@id":"https:\/\/mcmplongee.fr\/index.php\/manger-le-midi\/#primaryimage","url":"http:\/\/baqtkwg.cluster030.hosting.ovh.net\/wp-content\/uploads\/2021\/02\/IMG_20210130_124534_250-1024x766.jpg","contentUrl":"http:\/\/baqtkwg.cluster030.hosting.ovh.net\/wp-content\/uploads\/2021\/02\/IMG_20210130_124534_250-1024x766.jpg"},{"@type":"BreadcrumbList","@id":"https:\/\/mcmplongee.fr\/index.php\/manger-le-midi\/#breadcrumb","itemListElement":[{"@type":"ListItem","position":1,"name":"Accueil","item":"https:\/\/mcmplongee.fr\/"},{"@type":"ListItem","position":2,"name":"Manger le Midi"}]},{"@type":"WebSite","@id":"https:\/\/mcmplongee.fr\/#website","url":"https:\/\/mcmplongee.fr\/","name":"","description":"","publisher":{"@id":"https:\/\/mcmplongee.fr\/#organization"},"potentialAction":[{"@type":"SearchAction","target":{"@type":"EntryPoint","urlTemplate":"https:\/\/mcmplongee.fr\/?s={search_term_string}"},"query-input":{"@type":"PropertyValueSpecification","valueRequired":true,"valueName":"search_term_string"}}],"inLanguage":"fr-FR"},{"@type":"Organization","@id":"https:\/\/mcmplongee.fr\/#organization","name":"Marseille Cot\u00e9 mer (MCM)","url":"https:\/\/mcmplongee.fr\/","logo":{"@type":"ImageObject","inLanguage":"fr-FR","@id":"https:\/\/mcmplongee.fr\/#\/schema\/logo\/image\/","url":"https:\/\/mcmplongee.com\/wp-content\/uploads\/2021\/02\/mcmp.png","contentUrl":"https:\/\/mcmplongee.com\/wp-content\/uploads\/2021\/02\/mcmp.png","width":140,"height":140,"caption":"Marseille Cot\u00e9 mer (MCM)"},"image":{"@id":"https:\/\/mcmplongee.fr\/#\/schema\/logo\/image\/"}}]}},"jetpack_sharing_enabled":true,"_links":{"self":[{"href":"https:\/\/mcmplongee.fr\/index.php\/wp-json\/wp\/v2\/pages\/53","targetHints":{"allow":["GET"]}}],"collection":[{"href":"https:\/\/mcmplongee.fr\/index.php\/wp-json\/wp\/v2\/pages"}],"about":[{"href":"https:\/\/mcmplongee.fr\/index.php\/wp-json\/wp\/v2\/types\/page"}],"author":[{"embeddable":true,"href":"https:\/\/mcmplongee.fr\/index.php\/wp-json\/wp\/v2\/users\/1"}],"replies":[{"embeddable":true,"href":"https:\/\/mcmplongee.fr\/index.php\/wp-json\/wp\/v2\/comments?post=53"}],"version-history":[{"count":2,"href":"https:\/\/mcmplongee.fr\/index.php\/wp-json\/wp\/v2\/pages\/53\/revisions"}],"predecessor-version":[{"id":1359,"href":"https:\/\/mcmplongee.fr\/index.php\/wp-json\/wp\/v2\/pages\/53\/revisions\/1359"}],"wp:attachment":[{"href":"https:\/\/mcmplongee.fr\/index.php\/wp-json\/wp\/v2\/media?parent=53"}],"curies":[{"name":"wp","href":"https:\/\/api.w.org\/{rel}","templated":true}]}}