{"id":51,"date":"2021-02-03T07:56:12","date_gmt":"2021-02-03T06:56:12","guid":{"rendered":"http:\/\/baqtkwg.cluster030.hosting.ovh.net\/?page_id=51"},"modified":"2025-05-24T17:44:47","modified_gmt":"2025-05-24T15:44:47","slug":"les-bateaux","status":"publish","type":"page","link":"https:\/\/mcmplongee.fr\/index.php\/les-bateaux\/","title":{"rendered":"Les Bateaux"},"content":{"rendered":"\n<p>L&rsquo;association permet de plonger en utilisant diff\u00e9rents bateaux suivant leurs disponibilit\u00e9 et le type de sortie.<\/p>\n\n\n\n<p>Nos bateaux habituels sont le Phenix, le Mana Iti, le Yoda et le Suscl\u00e9<\/p>\n\n\n\n<p>1 Bateau de 12 M avec cabine et 4 semi-rigides \u00e9quip\u00e9s plong\u00e9e.<\/p>\n\n\n\n<figure class=\"wp-block-image size-large\"><img fetchpriority=\"high\" decoding=\"async\" width=\"1024\" height=\"1024\" src=\"https:\/\/mcmplongee.fr\/wp-content\/uploads\/2021\/06\/20210425_131632-1024x1024-1-1024x1024.jpg\" alt=\"\" class=\"wp-image-662\" srcset=\"https:\/\/mcmplongee.fr\/wp-content\/uploads\/2021\/06\/20210425_131632-1024x1024-1.jpg 1024w, https:\/\/mcmplongee.fr\/wp-content\/uploads\/2021\/06\/20210425_131632-1024x1024-1-300x300.jpg 300w, https:\/\/mcmplongee.fr\/wp-content\/uploads\/2021\/06\/20210425_131632-1024x1024-1-150x150.jpg 150w, https:\/\/mcmplongee.fr\/wp-content\/uploads\/2021\/06\/20210425_131632-1024x1024-1-768x768.jpg 768w, https:\/\/mcmplongee.fr\/wp-content\/uploads\/2021\/06\/20210425_131632-1024x1024-1-75x75.jpg 75w\" sizes=\"(max-width: 1024px) 100vw, 1024px\" \/><\/figure>\n\n\n\n<figure class=\"wp-block-image size-large is-style-default\"><img decoding=\"async\" src=\"https:\/\/mcmplongee.fr\/wp-content\/uploads\/2021\/05\/Le-cas-Susclet-1-1024x706.jpg\" alt=\"\" class=\"wp-image-466\"\/><\/figure>\n","protected":false},"excerpt":{"rendered":"<p>L&rsquo;association permet de plonger en utilisant diff\u00e9rents bateaux suivant leurs disponibilit\u00e9 et le type de sortie. Nos bateaux habituels sont le Phenix, le Mana Iti, le Yoda et le Suscl\u00e9 1 Bateau de 12 M avec cabine et 4 semi-rigides \u00e9quip\u00e9s plong\u00e9e.<\/p>\n","protected":false},"author":1,"featured_media":0,"parent":0,"menu_order":0,"comment_status":"closed","ping_status":"closed","template":"","meta":{"ngg_post_thumbnail":0,"footnotes":""},"class_list":["post-51","page","type-page","status-publish","hentry"],"yoast_head":"<!-- This site is optimized with the Yoast SEO plugin v27.3 - https:\/\/yoast.com\/product\/yoast-seo-wordpress\/ -->\n<title>Les Bateaux - %<\/title>\n<meta name=\"description\" content=\"% %\" \/>\n<meta name=\"robots\" content=\"index, follow, max-snippet:-1, max-image-preview:large, max-video-preview:-1\" \/>\n<link rel=\"canonical\" href=\"https:\/\/mcmplongee.fr\/index.php\/les-bateaux\/\" \/>\n<meta property=\"og:locale\" content=\"fr_FR\" \/>\n<meta property=\"og:type\" content=\"article\" \/>\n<meta property=\"og:title\" content=\"Les Bateaux - %\" \/>\n<meta property=\"og:description\" content=\"% %\" \/>\n<meta property=\"og:url\" content=\"https:\/\/mcmplongee.fr\/index.php\/les-bateaux\/\" \/>\n<meta property=\"article:modified_time\" content=\"2025-05-24T15:44:47+00:00\" \/>\n<meta property=\"og:image\" content=\"https:\/\/mcmplongee.fr\/wp-content\/uploads\/2021\/06\/20210425_131632-1024x1024-1.jpg\" \/>\n\t<meta property=\"og:image:width\" content=\"1024\" \/>\n\t<meta property=\"og:image:height\" content=\"1024\" \/>\n\t<meta property=\"og:image:type\" content=\"image\/jpeg\" \/>\n<meta name=\"twitter:card\" content=\"summary_large_image\" \/>\n<meta name=\"twitter:label1\" content=\"Dur\u00e9e de lecture estim\u00e9e\" \/>\n\t<meta name=\"twitter:data1\" content=\"1 minute\" \/>\n<script type=\"application\/ld+json\" class=\"yoast-schema-graph\">{\"@context\":\"https:\\\/\\\/schema.org\",\"@graph\":[{\"@type\":\"WebPage\",\"@id\":\"https:\\\/\\\/mcmplongee.fr\\\/index.php\\\/les-bateaux\\\/\",\"url\":\"https:\\\/\\\/mcmplongee.fr\\\/index.php\\\/les-bateaux\\\/\",\"name\":\"Les Bateaux - %\",\"isPartOf\":{\"@id\":\"https:\\\/\\\/mcmplongee.fr\\\/#website\"},\"primaryImageOfPage\":{\"@id\":\"https:\\\/\\\/mcmplongee.fr\\\/index.php\\\/les-bateaux\\\/#primaryimage\"},\"image\":{\"@id\":\"https:\\\/\\\/mcmplongee.fr\\\/index.php\\\/les-bateaux\\\/#primaryimage\"},\"thumbnailUrl\":\"https:\\\/\\\/mcmplongee.fr\\\/wp-content\\\/uploads\\\/2021\\\/06\\\/20210425_131632-1024x1024-1-1024x1024.jpg\",\"datePublished\":\"2021-02-03T06:56:12+00:00\",\"dateModified\":\"2025-05-24T15:44:47+00:00\",\"description\":\"% %\",\"breadcrumb\":{\"@id\":\"https:\\\/\\\/mcmplongee.fr\\\/index.php\\\/les-bateaux\\\/#breadcrumb\"},\"inLanguage\":\"fr-FR\",\"potentialAction\":[{\"@type\":\"ReadAction\",\"target\":[\"https:\\\/\\\/mcmplongee.fr\\\/index.php\\\/les-bateaux\\\/\"]}]},{\"@type\":\"ImageObject\",\"inLanguage\":\"fr-FR\",\"@id\":\"https:\\\/\\\/mcmplongee.fr\\\/index.php\\\/les-bateaux\\\/#primaryimage\",\"url\":\"https:\\\/\\\/mcmplongee.fr\\\/wp-content\\\/uploads\\\/2021\\\/06\\\/20210425_131632-1024x1024-1.jpg\",\"contentUrl\":\"https:\\\/\\\/mcmplongee.fr\\\/wp-content\\\/uploads\\\/2021\\\/06\\\/20210425_131632-1024x1024-1.jpg\",\"width\":1024,\"height\":1024},{\"@type\":\"BreadcrumbList\",\"@id\":\"https:\\\/\\\/mcmplongee.fr\\\/index.php\\\/les-bateaux\\\/#breadcrumb\",\"itemListElement\":[{\"@type\":\"ListItem\",\"position\":1,\"name\":\"Accueil\",\"item\":\"https:\\\/\\\/mcmplongee.fr\\\/\"},{\"@type\":\"ListItem\",\"position\":2,\"name\":\"Les Bateaux\"}]},{\"@type\":\"WebSite\",\"@id\":\"https:\\\/\\\/mcmplongee.fr\\\/#website\",\"url\":\"https:\\\/\\\/mcmplongee.fr\\\/\",\"name\":\"\",\"description\":\"\",\"publisher\":{\"@id\":\"https:\\\/\\\/mcmplongee.fr\\\/#organization\"},\"potentialAction\":[{\"@type\":\"SearchAction\",\"target\":{\"@type\":\"EntryPoint\",\"urlTemplate\":\"https:\\\/\\\/mcmplongee.fr\\\/?s={search_term_string}\"},\"query-input\":{\"@type\":\"PropertyValueSpecification\",\"valueRequired\":true,\"valueName\":\"search_term_string\"}}],\"inLanguage\":\"fr-FR\"},{\"@type\":\"Organization\",\"@id\":\"https:\\\/\\\/mcmplongee.fr\\\/#organization\",\"name\":\"Marseille Cot\u00e9 mer (MCM)\",\"url\":\"https:\\\/\\\/mcmplongee.fr\\\/\",\"logo\":{\"@type\":\"ImageObject\",\"inLanguage\":\"fr-FR\",\"@id\":\"https:\\\/\\\/mcmplongee.fr\\\/#\\\/schema\\\/logo\\\/image\\\/\",\"url\":\"https:\\\/\\\/mcmplongee.com\\\/wp-content\\\/uploads\\\/2021\\\/02\\\/mcmp.png\",\"contentUrl\":\"https:\\\/\\\/mcmplongee.com\\\/wp-content\\\/uploads\\\/2021\\\/02\\\/mcmp.png\",\"width\":140,\"height\":140,\"caption\":\"Marseille Cot\u00e9 mer (MCM)\"},\"image\":{\"@id\":\"https:\\\/\\\/mcmplongee.fr\\\/#\\\/schema\\\/logo\\\/image\\\/\"}}]}<\/script>\n<!-- \/ Yoast SEO plugin. -->","yoast_head_json":{"title":"Les Bateaux - %","description":"% %","robots":{"index":"index","follow":"follow","max-snippet":"max-snippet:-1","max-image-preview":"max-image-preview:large","max-video-preview":"max-video-preview:-1"},"canonical":"https:\/\/mcmplongee.fr\/index.php\/les-bateaux\/","og_locale":"fr_FR","og_type":"article","og_title":"Les Bateaux - %","og_description":"% %","og_url":"https:\/\/mcmplongee.fr\/index.php\/les-bateaux\/","article_modified_time":"2025-05-24T15:44:47+00:00","og_image":[{"width":1024,"height":1024,"url":"https:\/\/mcmplongee.fr\/wp-content\/uploads\/2021\/06\/20210425_131632-1024x1024-1.jpg","type":"image\/jpeg"}],"twitter_card":"summary_large_image","twitter_misc":{"Dur\u00e9e de lecture estim\u00e9e":"1 minute"},"schema":{"@context":"https:\/\/schema.org","@graph":[{"@type":"WebPage","@id":"https:\/\/mcmplongee.fr\/index.php\/les-bateaux\/","url":"https:\/\/mcmplongee.fr\/index.php\/les-bateaux\/","name":"Les Bateaux - %","isPartOf":{"@id":"https:\/\/mcmplongee.fr\/#website"},"primaryImageOfPage":{"@id":"https:\/\/mcmplongee.fr\/index.php\/les-bateaux\/#primaryimage"},"image":{"@id":"https:\/\/mcmplongee.fr\/index.php\/les-bateaux\/#primaryimage"},"thumbnailUrl":"https:\/\/mcmplongee.fr\/wp-content\/uploads\/2021\/06\/20210425_131632-1024x1024-1-1024x1024.jpg","datePublished":"2021-02-03T06:56:12+00:00","dateModified":"2025-05-24T15:44:47+00:00","description":"% %","breadcrumb":{"@id":"https:\/\/mcmplongee.fr\/index.php\/les-bateaux\/#breadcrumb"},"inLanguage":"fr-FR","potentialAction":[{"@type":"ReadAction","target":["https:\/\/mcmplongee.fr\/index.php\/les-bateaux\/"]}]},{"@type":"ImageObject","inLanguage":"fr-FR","@id":"https:\/\/mcmplongee.fr\/index.php\/les-bateaux\/#primaryimage","url":"https:\/\/mcmplongee.fr\/wp-content\/uploads\/2021\/06\/20210425_131632-1024x1024-1.jpg","contentUrl":"https:\/\/mcmplongee.fr\/wp-content\/uploads\/2021\/06\/20210425_131632-1024x1024-1.jpg","width":1024,"height":1024},{"@type":"BreadcrumbList","@id":"https:\/\/mcmplongee.fr\/index.php\/les-bateaux\/#breadcrumb","itemListElement":[{"@type":"ListItem","position":1,"name":"Accueil","item":"https:\/\/mcmplongee.fr\/"},{"@type":"ListItem","position":2,"name":"Les Bateaux"}]},{"@type":"WebSite","@id":"https:\/\/mcmplongee.fr\/#website","url":"https:\/\/mcmplongee.fr\/","name":"","description":"","publisher":{"@id":"https:\/\/mcmplongee.fr\/#organization"},"potentialAction":[{"@type":"SearchAction","target":{"@type":"EntryPoint","urlTemplate":"https:\/\/mcmplongee.fr\/?s={search_term_string}"},"query-input":{"@type":"PropertyValueSpecification","valueRequired":true,"valueName":"search_term_string"}}],"inLanguage":"fr-FR"},{"@type":"Organization","@id":"https:\/\/mcmplongee.fr\/#organization","name":"Marseille Cot\u00e9 mer (MCM)","url":"https:\/\/mcmplongee.fr\/","logo":{"@type":"ImageObject","inLanguage":"fr-FR","@id":"https:\/\/mcmplongee.fr\/#\/schema\/logo\/image\/","url":"https:\/\/mcmplongee.com\/wp-content\/uploads\/2021\/02\/mcmp.png","contentUrl":"https:\/\/mcmplongee.com\/wp-content\/uploads\/2021\/02\/mcmp.png","width":140,"height":140,"caption":"Marseille Cot\u00e9 mer (MCM)"},"image":{"@id":"https:\/\/mcmplongee.fr\/#\/schema\/logo\/image\/"}}]}},"jetpack_sharing_enabled":true,"_links":{"self":[{"href":"https:\/\/mcmplongee.fr\/index.php\/wp-json\/wp\/v2\/pages\/51","targetHints":{"allow":["GET"]}}],"collection":[{"href":"https:\/\/mcmplongee.fr\/index.php\/wp-json\/wp\/v2\/pages"}],"about":[{"href":"https:\/\/mcmplongee.fr\/index.php\/wp-json\/wp\/v2\/types\/page"}],"author":[{"embeddable":true,"href":"https:\/\/mcmplongee.fr\/index.php\/wp-json\/wp\/v2\/users\/1"}],"replies":[{"embeddable":true,"href":"https:\/\/mcmplongee.fr\/index.php\/wp-json\/wp\/v2\/comments?post=51"}],"version-history":[{"count":4,"href":"https:\/\/mcmplongee.fr\/index.php\/wp-json\/wp\/v2\/pages\/51\/revisions"}],"predecessor-version":[{"id":1413,"href":"https:\/\/mcmplongee.fr\/index.php\/wp-json\/wp\/v2\/pages\/51\/revisions\/1413"}],"wp:attachment":[{"href":"https:\/\/mcmplongee.fr\/index.php\/wp-json\/wp\/v2\/media?parent=51"}],"curies":[{"name":"wp","href":"https:\/\/api.w.org\/{rel}","templated":true}]}}