{"id":35,"date":"2021-02-02T10:23:29","date_gmt":"2021-02-02T09:23:29","guid":{"rendered":"http:\/\/baqtkwg.cluster030.hosting.ovh.net\/?page_id=35"},"modified":"2026-02-15T21:41:08","modified_gmt":"2026-02-15T20:41:08","slug":"adherer","status":"publish","type":"page","link":"https:\/\/mcmplongee.fr\/index.php\/adherer\/","title":{"rendered":"Adh\u00e9rer"},"content":{"rendered":"\t\t<div data-elementor-type=\"wp-page\" data-elementor-id=\"35\" class=\"elementor elementor-35\">\n\t\t\t\t\t\t<section class=\"elementor-section elementor-top-section elementor-element elementor-element-2aae698b elementor-section-boxed elementor-section-height-default elementor-section-height-default\" data-id=\"2aae698b\" data-element_type=\"section\" data-e-type=\"section\">\n\t\t\t\t\t\t<div class=\"elementor-container elementor-column-gap-default\">\n\t\t\t\t\t<div class=\"elementor-column elementor-col-100 elementor-top-column elementor-element elementor-element-110b48b5\" data-id=\"110b48b5\" data-element_type=\"column\" data-e-type=\"column\">\n\t\t\t<div class=\"elementor-widget-wrap elementor-element-populated\">\n\t\t\t\t\t\t<div class=\"elementor-element elementor-element-4d57f72c elementor-widget elementor-widget-text-editor\" data-id=\"4d57f72c\" data-element_type=\"widget\" data-e-type=\"widget\" data-widget_type=\"text-editor.default\">\n\t\t\t\t<div class=\"elementor-widget-container\">\n\t\t\t\t\t\t\t\t\t<p id=\"block-19724ba2-ffb2-441c-bbc1-f92d78340573\">Adh\u00e9sion \u00e0 une association<\/p>\n<p><!-- \/wp:paragraph --><!-- wp:paragraph --><\/p>\n<p id=\"block-83351615-3f3c-4136-8461-c712c24f69c3\">En tant que club associatif, nous ne pouvons faire plonger que des membres adh\u00e9rents \u00e0 l&rsquo;association Marseille C\u00f4t\u00e9 Mer Plong\u00e9e.<br>Il vous est cependant possible de d\u00e9couvrir le club en venant plonger&nbsp;<strong>4 fois en tant qu&rsquo;invit\u00e9<\/strong>&nbsp;avant une \u00e9ventuelle adh\u00e9sion.<\/p>\n<p><!-- \/wp:paragraph --><!-- wp:heading {\"level\":3} --><\/p>\n<h3 id=\"block-098dadda-4c90-4358-bfcc-94395e17f285\">Cotisation annuelle \u00e0 Marseille C\u00f4t\u00e9 Mer Plong\u00e9e<\/h3>\n<p><!-- \/wp:heading --><!-- wp:table --><\/p>\n<figure class=\"wp-block-table\">\n<table>\n<tbody>\n<tr>\n<th>&nbsp;<\/th>\n<th>Tarif<\/th>\n<\/tr>\n<tr>\n<td><strong>Plongeur adulte<\/strong><\/td>\n<td><strong>50 \u20ac<\/strong><\/td>\n<\/tr>\n<tr>\n<td><strong>Plongeur jeune<\/strong><\/td>\n<td><strong>30 \u20ac<\/strong><\/td>\n<\/tr>\n<tr>\n<td><strong>Plongeur enfant<\/strong><\/td>\n<td><strong>20 \u20ac<\/strong><\/td>\n<\/tr>\n<\/tbody>\n<\/table>\n<\/figure>\n<p><!-- \/wp:table --><!-- wp:paragraph --><\/p>\n<p id=\"block-a4861d11-51c3-4280-aa1f-e98e4a94d072\">Licence<\/p>\n<p><!-- \/wp:paragraph --><!-- wp:paragraph --><\/p>\n<p id=\"block-e0697c15-7355-4e73-9d3b-c16dbfb952e3\">La licence a une double fonction :<\/p>\n<p><!-- \/wp:paragraph --><!-- wp:list --><\/p>\n<ul id=\"block-2bb5589a-a5ee-4088-82ab-138416fe6861\">\n<li>La premi\u00e8re est de vous assurer sp\u00e9cifiquement en responsabilit\u00e9 civile pendant la dur\u00e9e de pratique de la plong\u00e9e (technique ou exploration), car vos assurances personnelles ne vous couvrent g\u00e9n\u00e9ralement pas pour ce sport.<\/li>\n<li>La seconde, est que sans licence vous ne pouvez pas passer de niveaux de plong\u00e9e f\u00e9d\u00e9raux.<\/li>\n<\/ul>\n<p><!-- \/wp:list --><!-- wp:heading {\"level\":3} --><\/p>\n<h3 id=\"block-01e639ff-29d4-499e-b5a8-fc0c2e37c545\">Licences annuelles FSGT<\/h3>\n<p><!-- \/wp:heading --><!-- wp:table --><\/p>\n<figure class=\"wp-block-table\">\n<table>\n<tbody>\n<tr>\n<th>&nbsp;<\/th>\n<th>Tarif<\/th>\n<\/tr>\n<tr>\n<td><strong>Adulte<\/strong>&nbsp;(\u2265 20 ans)<\/td>\n<td><strong>41 \u20ac<\/strong><\/td>\n<\/tr>\n<tr>\n<td><strong>Jeune<\/strong>&nbsp;(entre 15 et 20 ans)<\/td>\n<td><strong>31 \u20ac<\/strong><\/td>\n<\/tr>\n<tr>\n<td><strong>Enfant<\/strong>&nbsp;(&lt; 15 ans)<\/td>\n<td><strong>20 \u20ac<\/strong><\/td>\n<\/tr>\n<\/tbody>\n<\/table>\n<\/figure>\n<p><!-- \/wp:table --><!-- wp:heading {\"level\":3} --><\/p>\n<h3 id=\"block-27fa1ebc-c11c-488b-a9f6-89536c695852\">Licences annuelles FFESSM<\/h3>\n<p><!-- \/wp:heading --><!-- wp:table --><\/p>\n<figure class=\"wp-block-table\">\n<table>\n<tbody>\n<tr>\n<th>&nbsp;<\/th>\n<th>Tarif<\/th>\n<\/tr>\n<tr>\n<td><strong>Adulte<\/strong>&nbsp;(\u2265 16 ans)<\/td>\n<td><strong>49 \u20ac<\/strong><\/td>\n<\/tr>\n<tr>\n<td><strong>Jeune<\/strong>&nbsp;(entre 12 et 16 ans)<\/td>\n<td><strong>31 \u20ac<\/strong><\/td>\n<\/tr>\n<tr>\n<td><strong>Enfant<\/strong>&nbsp;(&lt; 12 ans)<\/td>\n<td><strong>20 \u20ac<\/strong><\/td>\n<\/tr>\n<\/tbody>\n<\/table>\n<\/figure>\n<p><!-- \/wp:table --><!-- wp:heading {\"level\":3} --><\/p>\n<h3 id=\"block-0adc3d40-e82e-470c-ad62-09ffd0b2d0e0\">Licences \u00ab\u00a0d\u00e9couverte\u00a0\u00bb<\/h3>\n<p><!-- \/wp:heading --><!-- wp:table --><\/p>\n<figure class=\"wp-block-table\">\n<table>\n<tbody>\n<tr>\n<th>&nbsp;<\/th>\n<th>Tarif<\/th>\n<\/tr>\n<tr>\n<td><strong>Licence 3 jours<\/strong><\/td>\n<td><strong>5 \u20ac<\/strong><\/td>\n<\/tr>\n<tr>\n<td><strong>Licence 4 mois FSGT<\/strong><\/td>\n<td><strong>24 \u20ac<\/strong><\/td>\n<\/tr>\n<\/tbody>\n<\/table>\n<\/figure>\n<p><!-- \/wp:table --><!-- wp:file {\"id\":268,\"href\":\"https:\/\/mcmplongee.com\/wp-content\/uploads\/2021\/03\/DemandeAdhesionClub-2021.pdf\"} --><\/p>\n<div class=\"wp-block-file\"><a href=\"https:\/\/mcmplongee.fr\/wp-content\/uploads\/2026\/02\/DemandeAdhesionClub-2022-WIP.pdf\" target=\"_blank\" rel=\"noopener\"><b><u>Adh\u00e9sion club<\/u><\/b><\/a><\/div>\n<p><!-- \/wp:file --><\/p>\t\t\t\t\t\t\t\t<\/div>\n\t\t\t\t<\/div>\n\t\t\t\t\t<\/div>\n\t\t<\/div>\n\t\t\t\t\t<\/div>\n\t\t<\/section>\n\t\t\t\t<\/div>\n\t\t","protected":false},"excerpt":{"rendered":"<p>Adh\u00e9sion \u00e0 une association En tant que club associatif, nous ne pouvons faire plonger que des membres adh\u00e9rents \u00e0 l&rsquo;association Marseille C\u00f4t\u00e9 Mer Plong\u00e9e.Il vous est cependant possible de d\u00e9couvrir le club en venant plonger&nbsp;4 fois en tant qu&rsquo;invit\u00e9&nbsp;avant une \u00e9ventuelle adh\u00e9sion. Cotisation annuelle \u00e0 Marseille C\u00f4t\u00e9 Mer Plong\u00e9e &nbsp; Tarif Plongeur adulte 50 \u20ac Plongeur jeune 30 \u20ac Plongeur enfant 20 \u20ac Licence La licence a une double fonction : La premi\u00e8re est de vous assurer sp\u00e9cifiquement en responsabilit\u00e9 civile pendant la dur\u00e9e de pratique de la plong\u00e9e (technique ou exploration), car vos assurances personnelles ne vous couvrent g\u00e9n\u00e9ralement pas pour ce sport. La seconde, est que sans licence vous ne pouvez pas passer de niveaux de plong\u00e9e f\u00e9d\u00e9raux. Licences annuelles FSGT &nbsp; Tarif Adulte&nbsp;(\u2265 20 ans) 41 \u20ac Jeune&nbsp;(entre 15 et 20 ans) 31 \u20ac Enfant&nbsp;(&lt; 15 ans) 20 \u20ac Licences annuelles FFESSM &nbsp; Tarif Adulte&nbsp;(\u2265 16 ans) 49 \u20ac Jeune&nbsp;(entre 12 et 16 ans) 31 \u20ac Enfant&nbsp;(&lt; 12 ans) 20 \u20ac Licences \u00ab\u00a0d\u00e9couverte\u00a0\u00bb &nbsp; Tarif Licence 3 jours 5 \u20ac Licence 4 mois FSGT 24 \u20ac Adh\u00e9sion club<\/p>\n","protected":false},"author":1,"featured_media":0,"parent":0,"menu_order":0,"comment_status":"closed","ping_status":"closed","template":"","meta":{"ngg_post_thumbnail":0,"footnotes":""},"class_list":["post-35","page","type-page","status-publish","hentry"],"yoast_head":"<!-- This site is optimized with the Yoast SEO plugin v27.4 - https:\/\/yoast.com\/product\/yoast-seo-wordpress\/ -->\n<title>Adh\u00e9rer -<\/title>\n<meta name=\"robots\" content=\"index, follow, max-snippet:-1, max-image-preview:large, max-video-preview:-1\" \/>\n<link rel=\"canonical\" href=\"https:\/\/mcmplongee.fr\/index.php\/adherer\/\" \/>\n<meta property=\"og:locale\" content=\"fr_FR\" \/>\n<meta property=\"og:type\" content=\"article\" \/>\n<meta property=\"og:title\" content=\"Adh\u00e9rer -\" \/>\n<meta property=\"og:description\" content=\"Adh\u00e9sion \u00e0 une association En tant que club associatif, nous ne pouvons faire plonger que des membres adh\u00e9rents \u00e0 l&rsquo;association Marseille C\u00f4t\u00e9 Mer Plong\u00e9e.Il vous est cependant possible de d\u00e9couvrir le club en venant plonger&nbsp;4 fois en tant qu&rsquo;invit\u00e9&nbsp;avant une \u00e9ventuelle adh\u00e9sion. Cotisation annuelle \u00e0 Marseille C\u00f4t\u00e9 Mer Plong\u00e9e &nbsp; Tarif Plongeur adulte 50 \u20ac Plongeur jeune 30 \u20ac Plongeur enfant 20 \u20ac Licence La licence a une double fonction : La premi\u00e8re est de vous assurer sp\u00e9cifiquement en responsabilit\u00e9 civile pendant la dur\u00e9e de pratique de la plong\u00e9e (technique ou exploration), car vos assurances personnelles ne vous couvrent g\u00e9n\u00e9ralement pas pour ce sport. La seconde, est que sans licence vous ne pouvez pas passer de niveaux de plong\u00e9e f\u00e9d\u00e9raux. Licences annuelles FSGT &nbsp; Tarif Adulte&nbsp;(\u2265 20 ans) 41 \u20ac Jeune&nbsp;(entre 15 et 20 ans) 31 \u20ac Enfant&nbsp;(&lt; 15 ans) 20 \u20ac Licences annuelles FFESSM &nbsp; Tarif Adulte&nbsp;(\u2265 16 ans) 49 \u20ac Jeune&nbsp;(entre 12 et 16 ans) 31 \u20ac Enfant&nbsp;(&lt; 12 ans) 20 \u20ac Licences \u00ab\u00a0d\u00e9couverte\u00a0\u00bb &nbsp; Tarif Licence 3 jours 5 \u20ac Licence 4 mois FSGT 24 \u20ac Adh\u00e9sion club\" \/>\n<meta property=\"og:url\" content=\"https:\/\/mcmplongee.fr\/index.php\/adherer\/\" \/>\n<meta property=\"article:modified_time\" content=\"2026-02-15T20:41:08+00:00\" \/>\n<meta name=\"twitter:card\" content=\"summary_large_image\" \/>\n<meta name=\"twitter:label1\" content=\"Dur\u00e9e de lecture estim\u00e9e\" \/>\n\t<meta name=\"twitter:data1\" content=\"1 minute\" \/>\n<script type=\"application\/ld+json\" class=\"yoast-schema-graph\">{\"@context\":\"https:\\\/\\\/schema.org\",\"@graph\":[{\"@type\":\"WebPage\",\"@id\":\"https:\\\/\\\/mcmplongee.fr\\\/index.php\\\/adherer\\\/\",\"url\":\"https:\\\/\\\/mcmplongee.fr\\\/index.php\\\/adherer\\\/\",\"name\":\"Adh\u00e9rer -\",\"isPartOf\":{\"@id\":\"https:\\\/\\\/mcmplongee.fr\\\/#website\"},\"datePublished\":\"2021-02-02T09:23:29+00:00\",\"dateModified\":\"2026-02-15T20:41:08+00:00\",\"breadcrumb\":{\"@id\":\"https:\\\/\\\/mcmplongee.fr\\\/index.php\\\/adherer\\\/#breadcrumb\"},\"inLanguage\":\"fr-FR\",\"potentialAction\":[{\"@type\":\"ReadAction\",\"target\":[\"https:\\\/\\\/mcmplongee.fr\\\/index.php\\\/adherer\\\/\"]}]},{\"@type\":\"BreadcrumbList\",\"@id\":\"https:\\\/\\\/mcmplongee.fr\\\/index.php\\\/adherer\\\/#breadcrumb\",\"itemListElement\":[{\"@type\":\"ListItem\",\"position\":1,\"name\":\"Accueil\",\"item\":\"https:\\\/\\\/mcmplongee.fr\\\/\"},{\"@type\":\"ListItem\",\"position\":2,\"name\":\"Adh\u00e9rer\"}]},{\"@type\":\"WebSite\",\"@id\":\"https:\\\/\\\/mcmplongee.fr\\\/#website\",\"url\":\"https:\\\/\\\/mcmplongee.fr\\\/\",\"name\":\"\",\"description\":\"\",\"publisher\":{\"@id\":\"https:\\\/\\\/mcmplongee.fr\\\/#organization\"},\"potentialAction\":[{\"@type\":\"SearchAction\",\"target\":{\"@type\":\"EntryPoint\",\"urlTemplate\":\"https:\\\/\\\/mcmplongee.fr\\\/?s={search_term_string}\"},\"query-input\":{\"@type\":\"PropertyValueSpecification\",\"valueRequired\":true,\"valueName\":\"search_term_string\"}}],\"inLanguage\":\"fr-FR\"},{\"@type\":\"Organization\",\"@id\":\"https:\\\/\\\/mcmplongee.fr\\\/#organization\",\"name\":\"Marseille Cot\u00e9 mer (MCM)\",\"url\":\"https:\\\/\\\/mcmplongee.fr\\\/\",\"logo\":{\"@type\":\"ImageObject\",\"inLanguage\":\"fr-FR\",\"@id\":\"https:\\\/\\\/mcmplongee.fr\\\/#\\\/schema\\\/logo\\\/image\\\/\",\"url\":\"https:\\\/\\\/mcmplongee.com\\\/wp-content\\\/uploads\\\/2021\\\/02\\\/mcmp.png\",\"contentUrl\":\"https:\\\/\\\/mcmplongee.com\\\/wp-content\\\/uploads\\\/2021\\\/02\\\/mcmp.png\",\"width\":140,\"height\":140,\"caption\":\"Marseille Cot\u00e9 mer (MCM)\"},\"image\":{\"@id\":\"https:\\\/\\\/mcmplongee.fr\\\/#\\\/schema\\\/logo\\\/image\\\/\"}}]}<\/script>\n<!-- \/ Yoast SEO plugin. -->","yoast_head_json":{"title":"Adh\u00e9rer -","robots":{"index":"index","follow":"follow","max-snippet":"max-snippet:-1","max-image-preview":"max-image-preview:large","max-video-preview":"max-video-preview:-1"},"canonical":"https:\/\/mcmplongee.fr\/index.php\/adherer\/","og_locale":"fr_FR","og_type":"article","og_title":"Adh\u00e9rer -","og_description":"Adh\u00e9sion \u00e0 une association En tant que club associatif, nous ne pouvons faire plonger que des membres adh\u00e9rents \u00e0 l&rsquo;association Marseille C\u00f4t\u00e9 Mer Plong\u00e9e.Il vous est cependant possible de d\u00e9couvrir le club en venant plonger&nbsp;4 fois en tant qu&rsquo;invit\u00e9&nbsp;avant une \u00e9ventuelle adh\u00e9sion. Cotisation annuelle \u00e0 Marseille C\u00f4t\u00e9 Mer Plong\u00e9e &nbsp; Tarif Plongeur adulte 50 \u20ac Plongeur jeune 30 \u20ac Plongeur enfant 20 \u20ac Licence La licence a une double fonction : La premi\u00e8re est de vous assurer sp\u00e9cifiquement en responsabilit\u00e9 civile pendant la dur\u00e9e de pratique de la plong\u00e9e (technique ou exploration), car vos assurances personnelles ne vous couvrent g\u00e9n\u00e9ralement pas pour ce sport. La seconde, est que sans licence vous ne pouvez pas passer de niveaux de plong\u00e9e f\u00e9d\u00e9raux. Licences annuelles FSGT &nbsp; Tarif Adulte&nbsp;(\u2265 20 ans) 41 \u20ac Jeune&nbsp;(entre 15 et 20 ans) 31 \u20ac Enfant&nbsp;(&lt; 15 ans) 20 \u20ac Licences annuelles FFESSM &nbsp; Tarif Adulte&nbsp;(\u2265 16 ans) 49 \u20ac Jeune&nbsp;(entre 12 et 16 ans) 31 \u20ac Enfant&nbsp;(&lt; 12 ans) 20 \u20ac Licences \u00ab\u00a0d\u00e9couverte\u00a0\u00bb &nbsp; Tarif Licence 3 jours 5 \u20ac Licence 4 mois FSGT 24 \u20ac Adh\u00e9sion club","og_url":"https:\/\/mcmplongee.fr\/index.php\/adherer\/","article_modified_time":"2026-02-15T20:41:08+00:00","twitter_card":"summary_large_image","twitter_misc":{"Dur\u00e9e de lecture estim\u00e9e":"1 minute"},"schema":{"@context":"https:\/\/schema.org","@graph":[{"@type":"WebPage","@id":"https:\/\/mcmplongee.fr\/index.php\/adherer\/","url":"https:\/\/mcmplongee.fr\/index.php\/adherer\/","name":"Adh\u00e9rer -","isPartOf":{"@id":"https:\/\/mcmplongee.fr\/#website"},"datePublished":"2021-02-02T09:23:29+00:00","dateModified":"2026-02-15T20:41:08+00:00","breadcrumb":{"@id":"https:\/\/mcmplongee.fr\/index.php\/adherer\/#breadcrumb"},"inLanguage":"fr-FR","potentialAction":[{"@type":"ReadAction","target":["https:\/\/mcmplongee.fr\/index.php\/adherer\/"]}]},{"@type":"BreadcrumbList","@id":"https:\/\/mcmplongee.fr\/index.php\/adherer\/#breadcrumb","itemListElement":[{"@type":"ListItem","position":1,"name":"Accueil","item":"https:\/\/mcmplongee.fr\/"},{"@type":"ListItem","position":2,"name":"Adh\u00e9rer"}]},{"@type":"WebSite","@id":"https:\/\/mcmplongee.fr\/#website","url":"https:\/\/mcmplongee.fr\/","name":"","description":"","publisher":{"@id":"https:\/\/mcmplongee.fr\/#organization"},"potentialAction":[{"@type":"SearchAction","target":{"@type":"EntryPoint","urlTemplate":"https:\/\/mcmplongee.fr\/?s={search_term_string}"},"query-input":{"@type":"PropertyValueSpecification","valueRequired":true,"valueName":"search_term_string"}}],"inLanguage":"fr-FR"},{"@type":"Organization","@id":"https:\/\/mcmplongee.fr\/#organization","name":"Marseille Cot\u00e9 mer (MCM)","url":"https:\/\/mcmplongee.fr\/","logo":{"@type":"ImageObject","inLanguage":"fr-FR","@id":"https:\/\/mcmplongee.fr\/#\/schema\/logo\/image\/","url":"https:\/\/mcmplongee.com\/wp-content\/uploads\/2021\/02\/mcmp.png","contentUrl":"https:\/\/mcmplongee.com\/wp-content\/uploads\/2021\/02\/mcmp.png","width":140,"height":140,"caption":"Marseille Cot\u00e9 mer (MCM)"},"image":{"@id":"https:\/\/mcmplongee.fr\/#\/schema\/logo\/image\/"}}]}},"jetpack_sharing_enabled":true,"_links":{"self":[{"href":"https:\/\/mcmplongee.fr\/index.php\/wp-json\/wp\/v2\/pages\/35","targetHints":{"allow":["GET"]}}],"collection":[{"href":"https:\/\/mcmplongee.fr\/index.php\/wp-json\/wp\/v2\/pages"}],"about":[{"href":"https:\/\/mcmplongee.fr\/index.php\/wp-json\/wp\/v2\/types\/page"}],"author":[{"embeddable":true,"href":"https:\/\/mcmplongee.fr\/index.php\/wp-json\/wp\/v2\/users\/1"}],"replies":[{"embeddable":true,"href":"https:\/\/mcmplongee.fr\/index.php\/wp-json\/wp\/v2\/comments?post=35"}],"version-history":[{"count":39,"href":"https:\/\/mcmplongee.fr\/index.php\/wp-json\/wp\/v2\/pages\/35\/revisions"}],"predecessor-version":[{"id":1649,"href":"https:\/\/mcmplongee.fr\/index.php\/wp-json\/wp\/v2\/pages\/35\/revisions\/1649"}],"wp:attachment":[{"href":"https:\/\/mcmplongee.fr\/index.php\/wp-json\/wp\/v2\/media?parent=35"}],"curies":[{"name":"wp","href":"https:\/\/api.w.org\/{rel}","templated":true}]}}