{"id":33,"date":"2021-02-02T10:22:24","date_gmt":"2021-02-02T09:22:24","guid":{"rendered":"http:\/\/baqtkwg.cluster030.hosting.ovh.net\/?page_id=33"},"modified":"2026-02-01T17:36:20","modified_gmt":"2026-02-01T16:36:20","slug":"accueil","status":"publish","type":"page","link":"https:\/\/mcmplongee.fr\/index.php\/accueil\/","title":{"rendered":"ACCUEIL"},"content":{"rendered":"\n<p>Avec Marseille C\u00f4t\u00e9 Mer Plong\u00e9e, vous \u00eates au coeur de la plong\u00e9e<\/p>\n\n\n<p>Convivialit\u00e9 de notre quai d&rsquo;accueil, aimabilit\u00e9 et comp\u00e9tences de nos encadrants et marins.<\/p>\n\n\n<p>Vos plong\u00e9es, dans une ambiance chaleureuse et familiale, seront parmi vos plus beaux souvenirs de Marseille.<\/p>\n\n\n<p>Partez en mer \u00e0 partir du Vieux Port, \u00e0 la d\u00e9couverte de plus de 80 sites de plong\u00e9e.<\/p>\n\n\n<p>Des sites inoubliables, une faune et une flore tr\u00e8s vari\u00e9es<\/p>\n\n\n<ul class=\"wp-block-list\"><li>L&rsquo;\u00eele de Planier , son phare, ses nombreuses \u00e9paves, ses tombants &#8230;<\/li><li>Les \u00eeles du Frioul et leurs tombants<\/li><li>Plus au sud, Les \u00eeles de l\u2019archipel de Riou o\u00f9 tout a commenc\u00e9<\/li><\/ul>\n\n\n<p>Nos encadrants, membres de l&rsquo;association, tous b\u00e9n\u00e9voles, vous proposent&nbsp;:<\/p>\n\n\n<ul class=\"wp-block-list\"><li>Bapt\u00eames de plong\u00e9e&nbsp;: \u00e0 partir de 6 ans, accompagn\u00e9 d\u2019un moniteur&nbsp;vous d\u00e9couvrirez le monde sous-marin , sa faune et sa flore.<\/li><li>Plong\u00e9es d&rsquo;explorations tous niveaux<\/li><li>Formations FFESSM-FSGT-CMAS tous niveaux<\/li><\/ul>\n","protected":false},"excerpt":{"rendered":"<p>Avec Marseille C\u00f4t\u00e9 Mer Plong\u00e9e, vous \u00eates au coeur de la plong\u00e9e Convivialit\u00e9 de notre quai d&rsquo;accueil, aimabilit\u00e9 et comp\u00e9tences de nos encadrants et marins. Vos plong\u00e9es, dans une ambiance chaleureuse et familiale, seront parmi vos plus beaux souvenirs de Marseille. Partez en mer \u00e0 partir du Vieux Port, \u00e0 la d\u00e9couverte de plus de 80 sites de plong\u00e9e. Des sites inoubliables, une faune et une flore tr\u00e8s vari\u00e9es L&rsquo;\u00eele de Planier , son phare, ses nombreuses \u00e9paves, ses tombants &#8230; Les \u00eeles du Frioul et leurs tombants Plus au sud, Les \u00eeles de l\u2019archipel de Riou o\u00f9 tout a commenc\u00e9 Nos encadrants, membres de l&rsquo;association, tous b\u00e9n\u00e9voles, vous proposent&nbsp;: Bapt\u00eames de plong\u00e9e&nbsp;: \u00e0 partir de 6 ans, accompagn\u00e9 d\u2019un moniteur&nbsp;vous d\u00e9couvrirez le monde sous-marin , sa faune et sa flore. Plong\u00e9es d&rsquo;explorations tous niveaux Formations FFESSM-FSGT-CMAS tous niveaux<\/p>\n","protected":false},"author":1,"featured_media":0,"parent":0,"menu_order":0,"comment_status":"closed","ping_status":"closed","template":"","meta":{"ngg_post_thumbnail":0,"footnotes":""},"class_list":["post-33","page","type-page","status-publish","hentry"],"yoast_head":"<!-- This site is optimized with the Yoast SEO plugin v27.4 - https:\/\/yoast.com\/product\/yoast-seo-wordpress\/ -->\n<title>ACCUEIL -<\/title>\n<meta name=\"robots\" content=\"index, follow, max-snippet:-1, max-image-preview:large, max-video-preview:-1\" \/>\n<link rel=\"canonical\" href=\"https:\/\/mcmplongee.fr\/index.php\/accueil\/\" \/>\n<meta property=\"og:locale\" content=\"fr_FR\" \/>\n<meta property=\"og:type\" content=\"article\" \/>\n<meta property=\"og:title\" content=\"ACCUEIL -\" \/>\n<meta property=\"og:description\" content=\"Avec Marseille C\u00f4t\u00e9 Mer Plong\u00e9e, vous \u00eates au coeur de la plong\u00e9e Convivialit\u00e9 de notre quai d&rsquo;accueil, aimabilit\u00e9 et comp\u00e9tences de nos encadrants et marins. Vos plong\u00e9es, dans une ambiance chaleureuse et familiale, seront parmi vos plus beaux souvenirs de Marseille. Partez en mer \u00e0 partir du Vieux Port, \u00e0 la d\u00e9couverte de plus de 80 sites de plong\u00e9e. Des sites inoubliables, une faune et une flore tr\u00e8s vari\u00e9es L&rsquo;\u00eele de Planier , son phare, ses nombreuses \u00e9paves, ses tombants &#8230; Les \u00eeles du Frioul et leurs tombants Plus au sud, Les \u00eeles de l\u2019archipel de Riou o\u00f9 tout a commenc\u00e9 Nos encadrants, membres de l&rsquo;association, tous b\u00e9n\u00e9voles, vous proposent&nbsp;: Bapt\u00eames de plong\u00e9e&nbsp;: \u00e0 partir de 6 ans, accompagn\u00e9 d\u2019un moniteur&nbsp;vous d\u00e9couvrirez le monde sous-marin , sa faune et sa flore. Plong\u00e9es d&rsquo;explorations tous niveaux Formations FFESSM-FSGT-CMAS tous niveaux\" \/>\n<meta property=\"og:url\" content=\"https:\/\/mcmplongee.fr\/index.php\/accueil\/\" \/>\n<meta property=\"article:modified_time\" content=\"2026-02-01T16:36:20+00:00\" \/>\n<meta name=\"twitter:card\" content=\"summary_large_image\" \/>\n<meta name=\"twitter:label1\" content=\"Dur\u00e9e de lecture estim\u00e9e\" \/>\n\t<meta name=\"twitter:data1\" content=\"1 minute\" \/>\n<script type=\"application\/ld+json\" class=\"yoast-schema-graph\">{\"@context\":\"https:\\\/\\\/schema.org\",\"@graph\":[{\"@type\":\"WebPage\",\"@id\":\"https:\\\/\\\/mcmplongee.fr\\\/index.php\\\/accueil\\\/\",\"url\":\"https:\\\/\\\/mcmplongee.fr\\\/index.php\\\/accueil\\\/\",\"name\":\"ACCUEIL -\",\"isPartOf\":{\"@id\":\"https:\\\/\\\/mcmplongee.fr\\\/#website\"},\"datePublished\":\"2021-02-02T09:22:24+00:00\",\"dateModified\":\"2026-02-01T16:36:20+00:00\",\"breadcrumb\":{\"@id\":\"https:\\\/\\\/mcmplongee.fr\\\/index.php\\\/accueil\\\/#breadcrumb\"},\"inLanguage\":\"fr-FR\",\"potentialAction\":[{\"@type\":\"ReadAction\",\"target\":[\"https:\\\/\\\/mcmplongee.fr\\\/index.php\\\/accueil\\\/\"]}]},{\"@type\":\"BreadcrumbList\",\"@id\":\"https:\\\/\\\/mcmplongee.fr\\\/index.php\\\/accueil\\\/#breadcrumb\",\"itemListElement\":[{\"@type\":\"ListItem\",\"position\":1,\"name\":\"Accueil\",\"item\":\"https:\\\/\\\/mcmplongee.fr\\\/\"},{\"@type\":\"ListItem\",\"position\":2,\"name\":\"ACCUEIL\"}]},{\"@type\":\"WebSite\",\"@id\":\"https:\\\/\\\/mcmplongee.fr\\\/#website\",\"url\":\"https:\\\/\\\/mcmplongee.fr\\\/\",\"name\":\"\",\"description\":\"\",\"publisher\":{\"@id\":\"https:\\\/\\\/mcmplongee.fr\\\/#organization\"},\"potentialAction\":[{\"@type\":\"SearchAction\",\"target\":{\"@type\":\"EntryPoint\",\"urlTemplate\":\"https:\\\/\\\/mcmplongee.fr\\\/?s={search_term_string}\"},\"query-input\":{\"@type\":\"PropertyValueSpecification\",\"valueRequired\":true,\"valueName\":\"search_term_string\"}}],\"inLanguage\":\"fr-FR\"},{\"@type\":\"Organization\",\"@id\":\"https:\\\/\\\/mcmplongee.fr\\\/#organization\",\"name\":\"Marseille Cot\u00e9 mer (MCM)\",\"url\":\"https:\\\/\\\/mcmplongee.fr\\\/\",\"logo\":{\"@type\":\"ImageObject\",\"inLanguage\":\"fr-FR\",\"@id\":\"https:\\\/\\\/mcmplongee.fr\\\/#\\\/schema\\\/logo\\\/image\\\/\",\"url\":\"https:\\\/\\\/mcmplongee.com\\\/wp-content\\\/uploads\\\/2021\\\/02\\\/mcmp.png\",\"contentUrl\":\"https:\\\/\\\/mcmplongee.com\\\/wp-content\\\/uploads\\\/2021\\\/02\\\/mcmp.png\",\"width\":140,\"height\":140,\"caption\":\"Marseille Cot\u00e9 mer (MCM)\"},\"image\":{\"@id\":\"https:\\\/\\\/mcmplongee.fr\\\/#\\\/schema\\\/logo\\\/image\\\/\"}}]}<\/script>\n<!-- \/ Yoast SEO plugin. -->","yoast_head_json":{"title":"ACCUEIL -","robots":{"index":"index","follow":"follow","max-snippet":"max-snippet:-1","max-image-preview":"max-image-preview:large","max-video-preview":"max-video-preview:-1"},"canonical":"https:\/\/mcmplongee.fr\/index.php\/accueil\/","og_locale":"fr_FR","og_type":"article","og_title":"ACCUEIL -","og_description":"Avec Marseille C\u00f4t\u00e9 Mer Plong\u00e9e, vous \u00eates au coeur de la plong\u00e9e Convivialit\u00e9 de notre quai d&rsquo;accueil, aimabilit\u00e9 et comp\u00e9tences de nos encadrants et marins. Vos plong\u00e9es, dans une ambiance chaleureuse et familiale, seront parmi vos plus beaux souvenirs de Marseille. Partez en mer \u00e0 partir du Vieux Port, \u00e0 la d\u00e9couverte de plus de 80 sites de plong\u00e9e. Des sites inoubliables, une faune et une flore tr\u00e8s vari\u00e9es L&rsquo;\u00eele de Planier , son phare, ses nombreuses \u00e9paves, ses tombants &#8230; Les \u00eeles du Frioul et leurs tombants Plus au sud, Les \u00eeles de l\u2019archipel de Riou o\u00f9 tout a commenc\u00e9 Nos encadrants, membres de l&rsquo;association, tous b\u00e9n\u00e9voles, vous proposent&nbsp;: Bapt\u00eames de plong\u00e9e&nbsp;: \u00e0 partir de 6 ans, accompagn\u00e9 d\u2019un moniteur&nbsp;vous d\u00e9couvrirez le monde sous-marin , sa faune et sa flore. Plong\u00e9es d&rsquo;explorations tous niveaux Formations FFESSM-FSGT-CMAS tous niveaux","og_url":"https:\/\/mcmplongee.fr\/index.php\/accueil\/","article_modified_time":"2026-02-01T16:36:20+00:00","twitter_card":"summary_large_image","twitter_misc":{"Dur\u00e9e de lecture estim\u00e9e":"1 minute"},"schema":{"@context":"https:\/\/schema.org","@graph":[{"@type":"WebPage","@id":"https:\/\/mcmplongee.fr\/index.php\/accueil\/","url":"https:\/\/mcmplongee.fr\/index.php\/accueil\/","name":"ACCUEIL -","isPartOf":{"@id":"https:\/\/mcmplongee.fr\/#website"},"datePublished":"2021-02-02T09:22:24+00:00","dateModified":"2026-02-01T16:36:20+00:00","breadcrumb":{"@id":"https:\/\/mcmplongee.fr\/index.php\/accueil\/#breadcrumb"},"inLanguage":"fr-FR","potentialAction":[{"@type":"ReadAction","target":["https:\/\/mcmplongee.fr\/index.php\/accueil\/"]}]},{"@type":"BreadcrumbList","@id":"https:\/\/mcmplongee.fr\/index.php\/accueil\/#breadcrumb","itemListElement":[{"@type":"ListItem","position":1,"name":"Accueil","item":"https:\/\/mcmplongee.fr\/"},{"@type":"ListItem","position":2,"name":"ACCUEIL"}]},{"@type":"WebSite","@id":"https:\/\/mcmplongee.fr\/#website","url":"https:\/\/mcmplongee.fr\/","name":"","description":"","publisher":{"@id":"https:\/\/mcmplongee.fr\/#organization"},"potentialAction":[{"@type":"SearchAction","target":{"@type":"EntryPoint","urlTemplate":"https:\/\/mcmplongee.fr\/?s={search_term_string}"},"query-input":{"@type":"PropertyValueSpecification","valueRequired":true,"valueName":"search_term_string"}}],"inLanguage":"fr-FR"},{"@type":"Organization","@id":"https:\/\/mcmplongee.fr\/#organization","name":"Marseille Cot\u00e9 mer (MCM)","url":"https:\/\/mcmplongee.fr\/","logo":{"@type":"ImageObject","inLanguage":"fr-FR","@id":"https:\/\/mcmplongee.fr\/#\/schema\/logo\/image\/","url":"https:\/\/mcmplongee.com\/wp-content\/uploads\/2021\/02\/mcmp.png","contentUrl":"https:\/\/mcmplongee.com\/wp-content\/uploads\/2021\/02\/mcmp.png","width":140,"height":140,"caption":"Marseille Cot\u00e9 mer (MCM)"},"image":{"@id":"https:\/\/mcmplongee.fr\/#\/schema\/logo\/image\/"}}]}},"jetpack_sharing_enabled":true,"_links":{"self":[{"href":"https:\/\/mcmplongee.fr\/index.php\/wp-json\/wp\/v2\/pages\/33","targetHints":{"allow":["GET"]}}],"collection":[{"href":"https:\/\/mcmplongee.fr\/index.php\/wp-json\/wp\/v2\/pages"}],"about":[{"href":"https:\/\/mcmplongee.fr\/index.php\/wp-json\/wp\/v2\/types\/page"}],"author":[{"embeddable":true,"href":"https:\/\/mcmplongee.fr\/index.php\/wp-json\/wp\/v2\/users\/1"}],"replies":[{"embeddable":true,"href":"https:\/\/mcmplongee.fr\/index.php\/wp-json\/wp\/v2\/comments?post=33"}],"version-history":[{"count":5,"href":"https:\/\/mcmplongee.fr\/index.php\/wp-json\/wp\/v2\/pages\/33\/revisions"}],"predecessor-version":[{"id":1593,"href":"https:\/\/mcmplongee.fr\/index.php\/wp-json\/wp\/v2\/pages\/33\/revisions\/1593"}],"wp:attachment":[{"href":"https:\/\/mcmplongee.fr\/index.php\/wp-json\/wp\/v2\/media?parent=33"}],"curies":[{"name":"wp","href":"https:\/\/api.w.org\/{rel}","templated":true}]}}